{"id":238,"date":"2018-11-20T13:16:46","date_gmt":"2018-11-20T13:16:46","guid":{"rendered":"http:\/\/www.vertice.org\/unpotitopornavidad\/?page_id=238"},"modified":"2018-11-20T13:16:46","modified_gmt":"2018-11-20T13:16:46","slug":"politica-de-privacidad-de-datos","status":"publish","type":"page","link":"https:\/\/grupovertice.com\/unpotitopornavidad\/politica-de-privacidad-de-datos\/","title":{"rendered":"Pol\u00edtica de privacidad de datos"},"content":{"rendered":"<ol>\n<li><strong>Informaci\u00f3n b\u00e1sica<\/strong><\/li>\n<\/ol>\n<table width=\"100%\">\n<tbody>\n<tr>\n<td colspan=\"2\" width=\"100%\">Informaci\u00f3n b\u00e1sica sobre protecci\u00f3n de datos<\/td>\n<\/tr>\n<tr>\n<td width=\"12%\"><strong>Responsable<\/strong><\/td>\n<td width=\"87%\">V\u00c9RTICE<\/td>\n<\/tr>\n<tr>\n<td width=\"12%\"><strong>Finalidad<\/strong><\/td>\n<td width=\"87%\">Llevar a cabo el desarrollo de la actividad formativa con las comunicaciones que ello conlleva, la atenci\u00f3n de solicitudes de diversa \u00edndole por parte del Usuario, el env\u00edo de mailing informativos acerca de productos o promociones de V\u00e9rtice.<\/td>\n<\/tr>\n<tr>\n<td width=\"12%\"><strong>Legitimaci\u00f3n<\/strong><\/td>\n<td width=\"87%\">Consentimiento del interesado<\/td>\n<\/tr>\n<tr>\n<td width=\"12%\"><strong>Destinatarios<\/strong><\/td>\n<td width=\"87%\">Entidades financieras, organismos p\u00fablicos\/privados relacionados con la formaci\u00f3n, otras entidades necesarias para la ejecuci\u00f3n del servicio.<\/td>\n<\/tr>\n<tr>\n<td width=\"12%\"><strong>Derechos<\/strong><\/td>\n<td width=\"87%\">Acceder, Rectificar y Suprimir los Datos, as\u00ed como otros derechos, como se explica en la Informaci\u00f3n Adicional<\/td>\n<\/tr>\n<tr>\n<td width=\"12%\"><strong>Informaci\u00f3n adicional<\/strong><\/td>\n<td width=\"87%\">Consulte la Informaci\u00f3n Adicional y detallada sobre Protecci\u00f3n de Datos.<\/td>\n<\/tr>\n<\/tbody>\n<\/table>\n<p>&nbsp;<\/p>\n<ol>\n<li><strong>Informaci\u00f3n adicional<\/strong><\/li>\n<\/ol>\n<p>Las presente Pol\u00edtica de Protecci\u00f3n de datos regula el tratamiento de datos personales facilitados por el Usuario a trav\u00e9s del portal de\u00a0<a href=\"https:\/\/www.vertice.org\/\">www.vertice.org<\/a>\u00a0\u00a0(en adelante, el \u201cPortal\u201d) que V\u00e9rtice Formaci\u00f3n y Empleo SL (en adelante, \u201cV\u00e9rtice\u201d) ponen a disposici\u00f3n de los usuarios de Internet. La presente Pol\u00edtica forma parte integrante del\u00a0Aviso Legal\u00a0accesible en todo momento desde el Portal.<\/p>\n<p>El Usuario garantiza que los datos aportados son verdaderos, exactos, completos y actualizados, siendo responsable de cualquier da\u00f1o o perjuicio, directo o indirecto, que pudiera ocasionarse como consecuencia del incumplimiento de tal obligaci\u00f3n. En el caso de que los datos aportados pertenecieran a un tercero, el Usuario garantiza que ha informado a dicho tercero de los aspectos contenidos en este documento y obtenido su autorizaci\u00f3n para facilitar sus datos a V\u00e9rtice para los fines se\u00f1alados.<\/p>\n<p>El Portal puede ofrecer funcionalidades para compartir contenidos a trav\u00e9s de aplicaciones de terceros, como Facebook o Twitter. Estas aplicaciones pueden recoger y tratar informaci\u00f3n relacionada con la navegaci\u00f3n del usuario en los diferentes sitios webs. Cualquier informaci\u00f3n personal que se recabada a trav\u00e9s de estas aplicaciones, puede ser utilizada por terceros usuarios de las mismas, y sus interacciones est\u00e1n sometidas a las pol\u00edticas de privacidad de las compa\u00f1\u00edas que facilitan las aplicaciones.<\/p>\n<p>El Portal puede alojar blogs, foros, y otras aplicaciones o servicios de redes sociales con la finalidad de facilitar el intercambio de conocimiento y contenido. Cualquier informaci\u00f3n personal que se facilite por el usuario puede ser compartida con otros usuarios de ese servicio, sobre los cuales V\u00e9rtice no tiene control alguno.<\/p>\n<p>Con objeto de ofrecer informaci\u00f3n o servicios de inter\u00e9s en funci\u00f3n de la localizaci\u00f3n del Usuario, V\u00e9rtice podr\u00e1 acceder a datos relativos a la geolocalizaci\u00f3n del dispositivo del Usuario, en aquellos casos en que la configuraci\u00f3n del usuario al efecto as\u00ed lo permita.<\/p>\n<p>A efectos de seguridad t\u00e9cnica y diagn\u00f3stico de sistemas, de forma anonimizada o agregada,\u00a0 V\u00e9rtice podr\u00e1 registrar la direcci\u00f3n IP (n\u00famero de identificaci\u00f3n del acceso a Internet del dispositivo, que permite a los dispositivos, sistemas y servidores reconocerse y comunicarse entre s\u00ed). Dicha informaci\u00f3n podr\u00e1 ser tambi\u00e9n empleada con finalidades anal\u00edticas de rendimiento web.<\/p>\n<p><strong>\u00bfQui\u00e9n es el responsable del tratamiento de los datos personales del Usuario?<\/strong><\/p>\n<p><strong>Identidad:\u00a0<\/strong>V\u00e9rtice Formaci\u00f3n y Empleo SL entidad mercantil inscrita en el Registro Mercantil de M\u00e1laga\u00a0 al tomo 4705 Hoja MA-103422 con CIF B98138274 y domicilio en M\u00e1laga C\/ Alonso de Palencia 15, M\u00e1laga, Espa\u00f1a<\/p>\n<p><strong>Direcci\u00f3n postal:<\/strong>\u00a0Calle Alonso de Palencia 15 29007 de M\u00e1laga,<\/p>\n<p><strong>Tel\u00e9fono:\u00a0<\/strong>+34 952 040 533<\/p>\n<p><strong>Fax:\u00a0<\/strong>+34 951 240 652<\/p>\n<p><strong>Correo electr\u00f3nico:\u00a0<\/strong><a href=\"mailto:protecciondatos@vertice.org\">protecciondatos@vertice.org<\/a><\/p>\n<p><strong>2.1. \u00bfCon qu\u00e9 finalidad tratamos los datos personales del Usuario?<\/strong><\/p>\n<p>V\u00e9rtice trata la informaci\u00f3n facilitada por el Usuario con el fin de atender las solicitudes de diversa \u00edndole llevadas a cabo por parte de este. En funci\u00f3n de la naturaleza de la solicitud, la finalidad perseguir\u00e1 la gesti\u00f3n de (i) consultas y solicitudes de propuestas, (RFP) remitidas a trav\u00e9s del formulario de contacto habilitado al efecto, (ii) la participaci\u00f3n en blogs, mediante comentarios, (iii) la suscripci\u00f3n a contenido exclusivo de V\u00e9rtice, (iv) las comunicaciones a trav\u00e9s de la L\u00ednea \u00c9tica o Whistle-blowing Hotline, (v) encuestas, (vi) solicitudes de registro en Alumni, (vii) comunicaciones electr\u00f3nicas de naturaleza informativa, de acuerdo con sus intereses. V\u00e9rtice podr\u00e1 elaborar un perfil comercial, con base en la informaci\u00f3n facilitada. No se tomar\u00e1n decisiones automatizadas con base en dicho perfil.<\/p>\n<p>En el supuesto de que el Usuario se registre en el Portal a trav\u00e9s del login social, V\u00e9rtice \u00fanicamente acceder\u00e1 a los datos personales del Usuario para los que haya prestado su consentimiento durante la configuraci\u00f3n del acceso de la red social de que se trate. Cualquier informaci\u00f3n facilitada en conexi\u00f3n con dichas aplicaciones sociales podr\u00eda ser accedida por miembros de la correspondiente red social, dichas interacciones se regir\u00e1n por las pol\u00edticas de privacidad de las entidades prestadoras de los servicios. V\u00e9rtice no dispone de ning\u00fan control ni responsabilidad respecto de dichas entidades o del uso que realicen de la informaci\u00f3n del usuario.<\/p>\n<p><strong>2.1.1. Informaci\u00f3n acerca del tratamiento de datos para env\u00edo de comunicaciones desde V\u00e9rtice<\/strong><\/p>\n<p>Los datos empleados, o facilitados, en las comunicaciones informativas y\/o promocionales son tratados por V\u00e9rtice para finalidades consistentes en el env\u00edo electr\u00f3nico de informaci\u00f3n y comunicaciones sobre servicios, actividades, publicaciones, celebraciones, felicitaciones y acontecimientos sociales y profesionales de V\u00e9rtice o de terceros.<\/p>\n<p>El consentimiento para el env\u00edo de dichas comunicaciones podr\u00e1 ser revocado en todo momento en cada una de las comunicaciones recibidas mediante el mecanismo habilitado al efecto.<\/p>\n<p>El criterio de conservaci\u00f3n de los datos tendr\u00e1 base en la manifestaci\u00f3n contraria al tratamiento por su parte. En todo caso, podr\u00e1n ejercitarse los derechos de acceso, rectificaci\u00f3n, cancelaci\u00f3n y oposici\u00f3n mediante correo electr\u00f3nico a\u00a0<a href=\"mailto:protecciondatos@vertice.org\">protecciondatos@vertice.org<\/a><\/p>\n<p><strong>2.2. \u00bfPor cu\u00e1nto tiempo conservaremos los datos personales del Usuario?<\/strong><\/p>\n<p>Con car\u00e1cter general, los datos personales proporcionados se conservar\u00e1n durante el tiempo necesario para atender la solicitud del Usuario o mientras no se solicite su supresi\u00f3n por el Usuario.<\/p>\n<p><strong>2.3. \u00bfCu\u00e1l es la legitimaci\u00f3n para el tratamiento de los datos personales del Usuario?<\/strong><\/p>\n<p>La base legal para el tratamiento de los datos es la legitimaci\u00f3n por consentimiento del Usuario.<\/p>\n<p><strong>2.4. \u00bfA qu\u00e9 destinatarios se comunicar\u00e1n los datos personales del Usuario?<\/strong><\/p>\n<p>Entidades financieras, organismos p\u00fablicos\/privados relacionados con la formaci\u00f3n, otras entidades necesarias para la ejecuci\u00f3n del servicio.<\/p>\n<p><strong>2.5 \u00bfCu\u00e1les son los derechos del Usuario cuando nos facilita sus datos personales?<\/strong><\/p>\n<p>El Usuario tiene derecho a obtener confirmaci\u00f3n sobre si V\u00e9rtice trata datos personales que le conciernen, as\u00ed como a acceder a sus datos personales, solicitar la rectificaci\u00f3n de los datos inexactos o, en su caso, solicitar su supresi\u00f3n cuando, entre otros motivos, los datos ya no sean necesarios para los fines que fueron recogidos.<\/p>\n<p>En determinadas circunstancias, el Usuario podr\u00e1 solicitar la limitaci\u00f3n del tratamiento de sus datos, en cuyo caso \u00fanicamente se conservar\u00e1n para el ejercicio o la defensa de reclamaciones.<\/p>\n<p>En determinadas circunstancias y por motivos relacionados con su situaci\u00f3n particular, el Usuario podr\u00e1 oponerse al tratamiento de sus datos. V\u00e9rtice cesar\u00e1 en el tratamiento de los datos, salvo por motivos leg\u00edtimos imperiosos, o el ejercicio o la defensa de posibles reclamaciones.<\/p>\n<p>El Usuario podr\u00e1 plantear las cuestiones que considere en relaci\u00f3n a la presente Pol\u00edtica as\u00ed como ejercer sus derechos en los t\u00e9rminos legalmente previstos debiendo para ello dirigir una comunicaci\u00f3n mediante correo postal a: calle Alonso de Palencia 15, 29007 de M\u00e1laga, Espa\u00f1a, o correo electr\u00f3nico a:\u00a0protecciondedatos@vertice.org\u00a0con indicaci\u00f3n de la solicitud correspondiente y acompa\u00f1ado de copia del DNI o documento acreditativo de la identidad.<\/p>\n<p>En caso de no obtener satisfacci\u00f3n en el ejercicio de sus derechos, podr\u00e1 presentar una reclamaci\u00f3n ante la Agencia Espa\u00f1ola de Protecci\u00f3n de Datos a trav\u00e9s de su sede electr\u00f3nica, en presentaci\u00f3n de una reclamaci\u00f3n de tutela de derechos.<\/p>\n","protected":false},"excerpt":{"rendered":"<p>Informaci\u00f3n b\u00e1sica Informaci\u00f3n b\u00e1sica sobre protecci\u00f3n de datos Responsable V\u00c9RTICE Finalidad Llevar a cabo el desarrollo de la actividad formativa<\/p>\n","protected":false},"author":1,"featured_media":0,"parent":0,"menu_order":0,"comment_status":"closed","ping_status":"closed","template":"","meta":[],"yoast_head":"<!-- This site is optimized with the Yoast SEO plugin v17.2 - https:\/\/yoast.com\/wordpress\/plugins\/seo\/ -->\n<title>Pol\u00edtica de privacidad de datos - Un potito por navidad, una cena para ellos<\/title>\n<meta name=\"robots\" content=\"index, follow, max-snippet:-1, max-image-preview:large, max-video-preview:-1\" \/>\n<link rel=\"canonical\" href=\"https:\/\/grupovertice.com\/unpotitopornavidad\/politica-de-privacidad-de-datos\/\" \/>\n<meta property=\"og:locale\" content=\"es_ES\" \/>\n<meta property=\"og:type\" content=\"article\" \/>\n<meta property=\"og:title\" content=\"Pol\u00edtica de privacidad de datos - Un potito por navidad, una cena para ellos\" \/>\n<meta property=\"og:description\" content=\"Informaci\u00f3n b\u00e1sica Informaci\u00f3n b\u00e1sica sobre protecci\u00f3n de datos Responsable V\u00c9RTICE Finalidad Llevar a cabo el desarrollo de la actividad formativa\" \/>\n<meta property=\"og:url\" content=\"https:\/\/grupovertice.com\/unpotitopornavidad\/politica-de-privacidad-de-datos\/\" \/>\n<meta property=\"og:site_name\" content=\"Un potito por navidad, una cena para ellos\" \/>\n<meta name=\"twitter:card\" content=\"summary\" \/>\n<meta name=\"twitter:label1\" content=\"Tiempo de lectura\" \/>\n\t<meta name=\"twitter:data1\" content=\"7 minutos\" \/>\n<script type=\"application\/ld+json\" class=\"yoast-schema-graph\">{\"@context\":\"https:\/\/schema.org\",\"@graph\":[{\"@type\":\"Organization\",\"@id\":\"https:\/\/grupovertice.com\/unpotitopornavidad\/#organization\",\"name\":\"Fundaci\\u00f3n V\\u00e9rtice\",\"url\":\"https:\/\/grupovertice.com\/unpotitopornavidad\/\",\"sameAs\":[],\"logo\":{\"@type\":\"ImageObject\",\"@id\":\"https:\/\/grupovertice.com\/unpotitopornavidad\/#logo\",\"inLanguage\":\"es\",\"url\":\"https:\/\/www.vertice.org\/unpotitopornavidad\/wp-content\/uploads\/2015\/11\/logo-fundacion-blanco.png\",\"contentUrl\":\"https:\/\/www.vertice.org\/unpotitopornavidad\/wp-content\/uploads\/2015\/11\/logo-fundacion-blanco.png\",\"width\":1516,\"height\":726,\"caption\":\"Fundaci\\u00f3n V\\u00e9rtice\"},\"image\":{\"@id\":\"https:\/\/grupovertice.com\/unpotitopornavidad\/#logo\"}},{\"@type\":\"WebSite\",\"@id\":\"https:\/\/grupovertice.com\/unpotitopornavidad\/#website\",\"url\":\"https:\/\/grupovertice.com\/unpotitopornavidad\/\",\"name\":\"Un potito por navidad, una cena para ellos\",\"description\":\"Campa\\u00f1a Un potito por navidad 2025\",\"publisher\":{\"@id\":\"https:\/\/grupovertice.com\/unpotitopornavidad\/#organization\"},\"potentialAction\":[{\"@type\":\"SearchAction\",\"target\":{\"@type\":\"EntryPoint\",\"urlTemplate\":\"https:\/\/grupovertice.com\/unpotitopornavidad\/?s={search_term_string}\"},\"query-input\":\"required name=search_term_string\"}],\"inLanguage\":\"es\"},{\"@type\":\"WebPage\",\"@id\":\"https:\/\/grupovertice.com\/unpotitopornavidad\/politica-de-privacidad-de-datos\/#webpage\",\"url\":\"https:\/\/grupovertice.com\/unpotitopornavidad\/politica-de-privacidad-de-datos\/\",\"name\":\"Pol\\u00edtica de privacidad de datos - Un potito por navidad, una cena para ellos\",\"isPartOf\":{\"@id\":\"https:\/\/grupovertice.com\/unpotitopornavidad\/#website\"},\"datePublished\":\"2018-11-20T13:16:46+00:00\",\"dateModified\":\"2018-11-20T13:16:46+00:00\",\"breadcrumb\":{\"@id\":\"https:\/\/grupovertice.com\/unpotitopornavidad\/politica-de-privacidad-de-datos\/#breadcrumb\"},\"inLanguage\":\"es\",\"potentialAction\":[{\"@type\":\"ReadAction\",\"target\":[\"https:\/\/grupovertice.com\/unpotitopornavidad\/politica-de-privacidad-de-datos\/\"]}]},{\"@type\":\"BreadcrumbList\",\"@id\":\"https:\/\/grupovertice.com\/unpotitopornavidad\/politica-de-privacidad-de-datos\/#breadcrumb\",\"itemListElement\":[{\"@type\":\"ListItem\",\"position\":1,\"name\":\"Portada\",\"item\":\"https:\/\/grupovertice.com\/unpotitopornavidad\/\"},{\"@type\":\"ListItem\",\"position\":2,\"name\":\"Pol\\u00edtica de privacidad de datos\"}]}]}<\/script>\n<!-- \/ Yoast SEO plugin. -->","yoast_head_json":{"title":"Pol\u00edtica de privacidad de datos - Un potito por navidad, una cena para ellos","robots":{"index":"index","follow":"follow","max-snippet":"max-snippet:-1","max-image-preview":"max-image-preview:large","max-video-preview":"max-video-preview:-1"},"canonical":"https:\/\/grupovertice.com\/unpotitopornavidad\/politica-de-privacidad-de-datos\/","og_locale":"es_ES","og_type":"article","og_title":"Pol\u00edtica de privacidad de datos - Un potito por navidad, una cena para ellos","og_description":"Informaci\u00f3n b\u00e1sica Informaci\u00f3n b\u00e1sica sobre protecci\u00f3n de datos Responsable V\u00c9RTICE Finalidad Llevar a cabo el desarrollo de la actividad formativa","og_url":"https:\/\/grupovertice.com\/unpotitopornavidad\/politica-de-privacidad-de-datos\/","og_site_name":"Un potito por navidad, una cena para ellos","twitter_card":"summary","twitter_misc":{"Tiempo de lectura":"7 minutos"},"schema":{"@context":"https:\/\/schema.org","@graph":[{"@type":"Organization","@id":"https:\/\/grupovertice.com\/unpotitopornavidad\/#organization","name":"Fundaci\u00f3n V\u00e9rtice","url":"https:\/\/grupovertice.com\/unpotitopornavidad\/","sameAs":[],"logo":{"@type":"ImageObject","@id":"https:\/\/grupovertice.com\/unpotitopornavidad\/#logo","inLanguage":"es","url":"https:\/\/www.vertice.org\/unpotitopornavidad\/wp-content\/uploads\/2015\/11\/logo-fundacion-blanco.png","contentUrl":"https:\/\/www.vertice.org\/unpotitopornavidad\/wp-content\/uploads\/2015\/11\/logo-fundacion-blanco.png","width":1516,"height":726,"caption":"Fundaci\u00f3n V\u00e9rtice"},"image":{"@id":"https:\/\/grupovertice.com\/unpotitopornavidad\/#logo"}},{"@type":"WebSite","@id":"https:\/\/grupovertice.com\/unpotitopornavidad\/#website","url":"https:\/\/grupovertice.com\/unpotitopornavidad\/","name":"Un potito por navidad, una cena para ellos","description":"Campa\u00f1a Un potito por navidad 2025","publisher":{"@id":"https:\/\/grupovertice.com\/unpotitopornavidad\/#organization"},"potentialAction":[{"@type":"SearchAction","target":{"@type":"EntryPoint","urlTemplate":"https:\/\/grupovertice.com\/unpotitopornavidad\/?s={search_term_string}"},"query-input":"required name=search_term_string"}],"inLanguage":"es"},{"@type":"WebPage","@id":"https:\/\/grupovertice.com\/unpotitopornavidad\/politica-de-privacidad-de-datos\/#webpage","url":"https:\/\/grupovertice.com\/unpotitopornavidad\/politica-de-privacidad-de-datos\/","name":"Pol\u00edtica de privacidad de datos - Un potito por navidad, una cena para ellos","isPartOf":{"@id":"https:\/\/grupovertice.com\/unpotitopornavidad\/#website"},"datePublished":"2018-11-20T13:16:46+00:00","dateModified":"2018-11-20T13:16:46+00:00","breadcrumb":{"@id":"https:\/\/grupovertice.com\/unpotitopornavidad\/politica-de-privacidad-de-datos\/#breadcrumb"},"inLanguage":"es","potentialAction":[{"@type":"ReadAction","target":["https:\/\/grupovertice.com\/unpotitopornavidad\/politica-de-privacidad-de-datos\/"]}]},{"@type":"BreadcrumbList","@id":"https:\/\/grupovertice.com\/unpotitopornavidad\/politica-de-privacidad-de-datos\/#breadcrumb","itemListElement":[{"@type":"ListItem","position":1,"name":"Portada","item":"https:\/\/grupovertice.com\/unpotitopornavidad\/"},{"@type":"ListItem","position":2,"name":"Pol\u00edtica de privacidad de datos"}]}]}},"_links":{"self":[{"href":"https:\/\/grupovertice.com\/unpotitopornavidad\/wp-json\/wp\/v2\/pages\/238"}],"collection":[{"href":"https:\/\/grupovertice.com\/unpotitopornavidad\/wp-json\/wp\/v2\/pages"}],"about":[{"href":"https:\/\/grupovertice.com\/unpotitopornavidad\/wp-json\/wp\/v2\/types\/page"}],"author":[{"embeddable":true,"href":"https:\/\/grupovertice.com\/unpotitopornavidad\/wp-json\/wp\/v2\/users\/1"}],"replies":[{"embeddable":true,"href":"https:\/\/grupovertice.com\/unpotitopornavidad\/wp-json\/wp\/v2\/comments?post=238"}],"version-history":[{"count":1,"href":"https:\/\/grupovertice.com\/unpotitopornavidad\/wp-json\/wp\/v2\/pages\/238\/revisions"}],"predecessor-version":[{"id":239,"href":"https:\/\/grupovertice.com\/unpotitopornavidad\/wp-json\/wp\/v2\/pages\/238\/revisions\/239"}],"wp:attachment":[{"href":"https:\/\/grupovertice.com\/unpotitopornavidad\/wp-json\/wp\/v2\/media?parent=238"}],"curies":[{"name":"wp","href":"https:\/\/api.w.org\/{rel}","templated":true}]}}