{"id":13,"date":"2014-11-13T12:23:43","date_gmt":"2014-11-13T12:23:43","guid":{"rendered":"http:\/\/www.vertice.org\/unpotitopornavidad\/?page_id=13"},"modified":"2014-11-13T12:23:43","modified_gmt":"2014-11-13T12:23:43","slug":"uso-de-cookies","status":"publish","type":"page","link":"https:\/\/grupovertice.com\/unpotitopornavidad\/uso-de-cookies\/","title":{"rendered":"Uso de cookies"},"content":{"rendered":"<p><strong>Archivos temporales de informaci\u00f3n (cookies)<\/strong><\/p>\n<p>Este sitio\u00a0utiliza cookies con el \u00fanico fin de obtener informaci\u00f3n acerca de la frecuencia de visitas, ubicaci\u00f3n geogr\u00e1fica, los contenidos m\u00e1s seleccionados, as\u00ed como de otros datos con el fin de optimizar, mejorar y conocer la navegaci\u00f3n de los usuarios que visitan el sitio web.<\/p>\n<p>Una cookie es un archivo de texto muy peque\u00f1o que se puede guardar en el disco duro de un equipo para almacenar alg\u00fan tipo de informaci\u00f3n sobre el usuario y que s\u00f3lo podr\u00e1 ser le\u00edda por el sitio web que emiti\u00f3 dicha cookie.<\/p>\n<p>Para poder gestionar la aceptaci\u00f3n de uso de las cookies, este sitio\u00a0utiliza tambi\u00e9n variables de almacenamiento de sesi\u00f3n (tipo \u201c\u201dsession storage\u201d), que se almacenan durante el tiempo de sesi\u00f3n del navegador y desaparecen cuando el navegador se cierra.<\/p>\n<p>Para este fin se\u00a0utilizan dos tipos de cookies:<br \/>\n&#8211; Propias (sesi\u00f3n, registro), utilizadas para prestar servicios de la sociedad de la informaci\u00f3n solicitados por el usuario y conforme a los t\u00e9rminos y condiciones aplicables.<br \/>\n&#8211; De terceros (Google Analytics, propiedad de Google Int. -m\u00e1s informaci\u00f3n: http:\/\/www.google.es\/intl\/es\/policies\/technologies\/cookies\/-), utilizadas para informes estad\u00edsticos sobre el tr\u00e1fico del sitio web, su audiencia total y la audiencia en una determinada campa\u00f1a publicitaria.<\/p>\n<p>Si usted desea rechazar el tratamiento de los datos o la informaci\u00f3n, lo puede realizar configurando su navegador para que \u00e9ste impida el uso de cookies. Puede encontrar la manera de hacerlo dirigi\u00e9ndose al men\u00fa de ayuda de su navegador d\u00f3nde vienen establecidos los pasos para proceder con su eliminaci\u00f3n. Para m\u00e1s informaci\u00f3n:<br \/>\nInternet Explorer: http:\/\/windows.microsoft.com\/es-es\/windows-vista\/block-or-allow-cookies<br \/>\nMozilla Firefox: http:\/\/support.mozilla.org\/es\/kb\/habilitar-y-deshabilitar-cookies-que-los-sitios-we<br \/>\nGoogle Chrome: https:\/\/support.google.com\/chrome\/answer\/95647?hl=es<br \/>\nSafari: http:\/\/support.apple.com\/kb\/ph5042<\/p>\n<p>Con la navegaci\u00f3n por el sitio web www.vertice.org\/unpotitopornavidad, el usuario manifiesta la aceptaci\u00f3n a la recogida y tratamiento de tal informaci\u00f3n en la forma y para los fines arriba indicados.<\/p>\n","protected":false},"excerpt":{"rendered":"<p>Archivos temporales de informaci\u00f3n (cookies) Este sitio\u00a0utiliza cookies con el \u00fanico fin de obtener informaci\u00f3n acerca de la frecuencia de<\/p>\n","protected":false},"author":1,"featured_media":0,"parent":0,"menu_order":0,"comment_status":"open","ping_status":"open","template":"","meta":[],"yoast_head":"<!-- This site is optimized with the Yoast SEO plugin v17.2 - https:\/\/yoast.com\/wordpress\/plugins\/seo\/ -->\n<title>Uso de cookies - Un potito por navidad, una cena para ellos<\/title>\n<meta name=\"robots\" content=\"index, follow, max-snippet:-1, max-image-preview:large, max-video-preview:-1\" \/>\n<link rel=\"canonical\" href=\"https:\/\/grupovertice.com\/unpotitopornavidad\/uso-de-cookies\/\" \/>\n<meta property=\"og:locale\" content=\"es_ES\" \/>\n<meta property=\"og:type\" content=\"article\" \/>\n<meta property=\"og:title\" content=\"Uso de cookies - Un potito por navidad, una cena para ellos\" \/>\n<meta property=\"og:description\" content=\"Archivos temporales de informaci\u00f3n (cookies) Este sitio\u00a0utiliza cookies con el \u00fanico fin de obtener informaci\u00f3n acerca de la frecuencia de\" \/>\n<meta property=\"og:url\" content=\"https:\/\/grupovertice.com\/unpotitopornavidad\/uso-de-cookies\/\" \/>\n<meta property=\"og:site_name\" content=\"Un potito por navidad, una cena para ellos\" \/>\n<meta name=\"twitter:card\" content=\"summary\" \/>\n<meta name=\"twitter:label1\" content=\"Tiempo de lectura\" \/>\n\t<meta name=\"twitter:data1\" content=\"2 minutos\" \/>\n<script type=\"application\/ld+json\" class=\"yoast-schema-graph\">{\"@context\":\"https:\/\/schema.org\",\"@graph\":[{\"@type\":\"Organization\",\"@id\":\"https:\/\/grupovertice.com\/unpotitopornavidad\/#organization\",\"name\":\"Fundaci\\u00f3n V\\u00e9rtice\",\"url\":\"https:\/\/grupovertice.com\/unpotitopornavidad\/\",\"sameAs\":[],\"logo\":{\"@type\":\"ImageObject\",\"@id\":\"https:\/\/grupovertice.com\/unpotitopornavidad\/#logo\",\"inLanguage\":\"es\",\"url\":\"https:\/\/www.vertice.org\/unpotitopornavidad\/wp-content\/uploads\/2015\/11\/logo-fundacion-blanco.png\",\"contentUrl\":\"https:\/\/www.vertice.org\/unpotitopornavidad\/wp-content\/uploads\/2015\/11\/logo-fundacion-blanco.png\",\"width\":1516,\"height\":726,\"caption\":\"Fundaci\\u00f3n V\\u00e9rtice\"},\"image\":{\"@id\":\"https:\/\/grupovertice.com\/unpotitopornavidad\/#logo\"}},{\"@type\":\"WebSite\",\"@id\":\"https:\/\/grupovertice.com\/unpotitopornavidad\/#website\",\"url\":\"https:\/\/grupovertice.com\/unpotitopornavidad\/\",\"name\":\"Un potito por navidad, una cena para ellos\",\"description\":\"Campa\\u00f1a Un potito por navidad 2025\",\"publisher\":{\"@id\":\"https:\/\/grupovertice.com\/unpotitopornavidad\/#organization\"},\"potentialAction\":[{\"@type\":\"SearchAction\",\"target\":{\"@type\":\"EntryPoint\",\"urlTemplate\":\"https:\/\/grupovertice.com\/unpotitopornavidad\/?s={search_term_string}\"},\"query-input\":\"required name=search_term_string\"}],\"inLanguage\":\"es\"},{\"@type\":\"WebPage\",\"@id\":\"https:\/\/grupovertice.com\/unpotitopornavidad\/uso-de-cookies\/#webpage\",\"url\":\"https:\/\/grupovertice.com\/unpotitopornavidad\/uso-de-cookies\/\",\"name\":\"Uso de cookies - Un potito por navidad, una cena para ellos\",\"isPartOf\":{\"@id\":\"https:\/\/grupovertice.com\/unpotitopornavidad\/#website\"},\"datePublished\":\"2014-11-13T12:23:43+00:00\",\"dateModified\":\"2014-11-13T12:23:43+00:00\",\"breadcrumb\":{\"@id\":\"https:\/\/grupovertice.com\/unpotitopornavidad\/uso-de-cookies\/#breadcrumb\"},\"inLanguage\":\"es\",\"potentialAction\":[{\"@type\":\"ReadAction\",\"target\":[\"https:\/\/grupovertice.com\/unpotitopornavidad\/uso-de-cookies\/\"]}]},{\"@type\":\"BreadcrumbList\",\"@id\":\"https:\/\/grupovertice.com\/unpotitopornavidad\/uso-de-cookies\/#breadcrumb\",\"itemListElement\":[{\"@type\":\"ListItem\",\"position\":1,\"name\":\"Portada\",\"item\":\"https:\/\/grupovertice.com\/unpotitopornavidad\/\"},{\"@type\":\"ListItem\",\"position\":2,\"name\":\"Uso de cookies\"}]}]}<\/script>\n<!-- \/ Yoast SEO plugin. -->","yoast_head_json":{"title":"Uso de cookies - Un potito por navidad, una cena para ellos","robots":{"index":"index","follow":"follow","max-snippet":"max-snippet:-1","max-image-preview":"max-image-preview:large","max-video-preview":"max-video-preview:-1"},"canonical":"https:\/\/grupovertice.com\/unpotitopornavidad\/uso-de-cookies\/","og_locale":"es_ES","og_type":"article","og_title":"Uso de cookies - Un potito por navidad, una cena para ellos","og_description":"Archivos temporales de informaci\u00f3n (cookies) Este sitio\u00a0utiliza cookies con el \u00fanico fin de obtener informaci\u00f3n acerca de la frecuencia de","og_url":"https:\/\/grupovertice.com\/unpotitopornavidad\/uso-de-cookies\/","og_site_name":"Un potito por navidad, una cena para ellos","twitter_card":"summary","twitter_misc":{"Tiempo de lectura":"2 minutos"},"schema":{"@context":"https:\/\/schema.org","@graph":[{"@type":"Organization","@id":"https:\/\/grupovertice.com\/unpotitopornavidad\/#organization","name":"Fundaci\u00f3n V\u00e9rtice","url":"https:\/\/grupovertice.com\/unpotitopornavidad\/","sameAs":[],"logo":{"@type":"ImageObject","@id":"https:\/\/grupovertice.com\/unpotitopornavidad\/#logo","inLanguage":"es","url":"https:\/\/www.vertice.org\/unpotitopornavidad\/wp-content\/uploads\/2015\/11\/logo-fundacion-blanco.png","contentUrl":"https:\/\/www.vertice.org\/unpotitopornavidad\/wp-content\/uploads\/2015\/11\/logo-fundacion-blanco.png","width":1516,"height":726,"caption":"Fundaci\u00f3n V\u00e9rtice"},"image":{"@id":"https:\/\/grupovertice.com\/unpotitopornavidad\/#logo"}},{"@type":"WebSite","@id":"https:\/\/grupovertice.com\/unpotitopornavidad\/#website","url":"https:\/\/grupovertice.com\/unpotitopornavidad\/","name":"Un potito por navidad, una cena para ellos","description":"Campa\u00f1a Un potito por navidad 2025","publisher":{"@id":"https:\/\/grupovertice.com\/unpotitopornavidad\/#organization"},"potentialAction":[{"@type":"SearchAction","target":{"@type":"EntryPoint","urlTemplate":"https:\/\/grupovertice.com\/unpotitopornavidad\/?s={search_term_string}"},"query-input":"required name=search_term_string"}],"inLanguage":"es"},{"@type":"WebPage","@id":"https:\/\/grupovertice.com\/unpotitopornavidad\/uso-de-cookies\/#webpage","url":"https:\/\/grupovertice.com\/unpotitopornavidad\/uso-de-cookies\/","name":"Uso de cookies - Un potito por navidad, una cena para ellos","isPartOf":{"@id":"https:\/\/grupovertice.com\/unpotitopornavidad\/#website"},"datePublished":"2014-11-13T12:23:43+00:00","dateModified":"2014-11-13T12:23:43+00:00","breadcrumb":{"@id":"https:\/\/grupovertice.com\/unpotitopornavidad\/uso-de-cookies\/#breadcrumb"},"inLanguage":"es","potentialAction":[{"@type":"ReadAction","target":["https:\/\/grupovertice.com\/unpotitopornavidad\/uso-de-cookies\/"]}]},{"@type":"BreadcrumbList","@id":"https:\/\/grupovertice.com\/unpotitopornavidad\/uso-de-cookies\/#breadcrumb","itemListElement":[{"@type":"ListItem","position":1,"name":"Portada","item":"https:\/\/grupovertice.com\/unpotitopornavidad\/"},{"@type":"ListItem","position":2,"name":"Uso de cookies"}]}]}},"_links":{"self":[{"href":"https:\/\/grupovertice.com\/unpotitopornavidad\/wp-json\/wp\/v2\/pages\/13"}],"collection":[{"href":"https:\/\/grupovertice.com\/unpotitopornavidad\/wp-json\/wp\/v2\/pages"}],"about":[{"href":"https:\/\/grupovertice.com\/unpotitopornavidad\/wp-json\/wp\/v2\/types\/page"}],"author":[{"embeddable":true,"href":"https:\/\/grupovertice.com\/unpotitopornavidad\/wp-json\/wp\/v2\/users\/1"}],"replies":[{"embeddable":true,"href":"https:\/\/grupovertice.com\/unpotitopornavidad\/wp-json\/wp\/v2\/comments?post=13"}],"version-history":[{"count":1,"href":"https:\/\/grupovertice.com\/unpotitopornavidad\/wp-json\/wp\/v2\/pages\/13\/revisions"}],"predecessor-version":[{"id":14,"href":"https:\/\/grupovertice.com\/unpotitopornavidad\/wp-json\/wp\/v2\/pages\/13\/revisions\/14"}],"wp:attachment":[{"href":"https:\/\/grupovertice.com\/unpotitopornavidad\/wp-json\/wp\/v2\/media?parent=13"}],"curies":[{"name":"wp","href":"https:\/\/api.w.org\/{rel}","templated":true}]}}