{"id":10,"date":"2014-11-13T12:21:15","date_gmt":"2014-11-13T12:21:15","guid":{"rendered":"http:\/\/www.vertice.org\/unpotitopornavidad\/?page_id=10"},"modified":"2014-11-13T12:21:15","modified_gmt":"2014-11-13T12:21:15","slug":"aviso-legal","status":"publish","type":"page","link":"https:\/\/grupovertice.com\/unpotitopornavidad\/aviso-legal\/","title":{"rendered":"Aviso legal"},"content":{"rendered":"<h1>CONDICIONES GENERALES DE USO<\/h1>\n<p><strong>1. \u00c1mbito<\/strong><\/p>\n<p>Las presentes condiciones generales regulan el acceso y uso de los diversos contenidos y servicios que Fundaci\u00f3n V\u00e9rtice Emprende con CIF G82.411.828 y domicilio en C\/ Hilera, 14, CP: 29007 M\u00e1laga, e inscrita en inscrita en el Registro de Fundaciones docentes y de investigaci\u00f3n figurando con el n\u00famero MA 1-3-605, pone a disposici\u00f3n de empresas y particulares\u00a0<a href=\"http:\/\/www.verticetraining.com\/\" target=\"_blank\">www.verticetraining.com<\/a>\u00a0(en adelante, la web).<\/p>\n<p><strong>2. Usuarios<\/strong><br \/>\nLa utilizaci\u00f3n de la web y de los servicios contenidos en la misma atribuye la condici\u00f3n de usuario y la aceptaci\u00f3n sin reservas de ninguna clase, de todas y cada una de las presentes condiciones generales as\u00ed como aquellas otras particulares que, en su caso, rijan la utilizaci\u00f3n de la web o de los servicios que \u00e9sta incluye.<\/p>\n<p>Si el usuario decide no aceptar total o parcialmente las presentes condiciones deber\u00e1 abstenerse de acceder a la web o de utilizar sus servicios o contenidos.<\/p>\n<p><strong>3. Servicios ofrecidos<\/strong><br \/>\nA trav\u00e9s de su web, Fundaci\u00f3n V\u00e9rtice, ofrece sus servicios como Consultora de Formaci\u00f3n.<\/p>\n<p>En todo caso, Fundaci\u00f3n V\u00e9rtice se reserva el derecho de retirar, modificar o ampliar, sin previo aviso, los servicios prestados.<\/p>\n<p>Los bienes o servicios prestados a cambio de un precio quedan sometidos a condiciones particulares que prevalecen sobre \u00e9stas generales y a un procedimiento de contrataci\u00f3n totalmente transparente. En caso de que el usuario decida adquirir alg\u00fan bien o servicio no gratuito, recibir\u00e1 cumplida informaci\u00f3n sobre las condiciones y el procedimiento de contrataci\u00f3n antes de la aceptaci\u00f3n definitiva.<\/p>\n<p><strong>4. Obligaciones del usuario<\/strong><br \/>\nPor el simple acceso a la web o a cualquiera de los servicios en ella integrados, el usuario se compromete a utilizarlos de manera diligente y correcta, asumiendo las presentes condiciones y conforme a la ley, la moral y el orden p\u00fablico. En concreto, el usuario asume las siguientes obligaciones:<\/p>\n<p>1. No utilizar los contenidos y\/o la informaci\u00f3n contenida en esta web para remitir publicidad, enviar mensajes con fines de venta o cualquier otro fin comercial o para recoger, almacenar o tratar datos personales.<\/p>\n<p>2. Abstenerse de suprimir los signos identificativos de los derechos de propiedad intelectual, industrial o cualquier otro, de Fundaci\u00f3n V\u00e9rtice, o de un tercero que figuren en la web y en cada uno de los servicios ofrecidos a trav\u00e9s de la misma.<\/p>\n<p>3. Abstenerse de eludir o manipular cualquier dispositivo t\u00e9cnico establecido para la protecci\u00f3n de sus derechos por Fundaci\u00f3n V\u00e9rtice, o por terceros, en la web, en los servicios en ella integrados o en cualquiera de los elementos, materiales o informaci\u00f3n obtenidos en la misma.<\/p>\n<p>4. No usar ni aplicar recursos t\u00e9cnicos, l\u00f3gicos o tecnol\u00f3gicos para beneficiarse, directa o indirectamente, con o sin \u00e1nimo de lucro, de la explotaci\u00f3n no autorizada de los servicios o contenidos de la web.<\/p>\n<p>5. No introducir, almacenar o difundir a trav\u00e9s de la p\u00e1gina web o de cualquiera de los servicios en ella contenidos, ning\u00fan programa de ordenador, virus, c\u00f3digo, y, en general, no llevar a cabo actuaciones que, de cualquier forma, puedan da\u00f1ar, inutilizar, sobrecargar o deteriorar la web, los equipos, sistemas, redes, programas, datos o informaciones de, Fundaci\u00f3n V\u00e9rtice o de sus proveedores, usuarios o, en general, de cualquier tercero, o impedir la normal utilizaci\u00f3n o disfrute de la web o de los servicios vinculados.<\/p>\n<p>6. Responder de los da\u00f1os y perjuicios que pudiera sufrir, Fundaci\u00f3n V\u00e9rtice, trabajadores, clientes, proveedores, usuarios o terceros en general, como consecuencia del incumplimiento de las presentes condiciones generales o de las condiciones particulares que fueran de aplicaci\u00f3n a los servicios integrados en la web, oblig\u00e1ndose a dejar indemne a Fundaci\u00f3n V\u00e9rtice, clientes y proveedores frente a cualquier reclamaci\u00f3n, demanda o sanci\u00f3n que pudiera ser formulada o impuesta como consecuencia directa o indirecta del referido incumplimiento.<\/p>\n<p>7. En caso de registrarse, el usuario se obliga a proporcionar verazmente los datos proporcionados y a mantenerlos actualizados.<\/p>\n<p>8. No usar, transferir, distribuir o disponer de la informaci\u00f3n incluida en el servicio de forma que compita de manera desleal con Fundaci\u00f3n V\u00e9rtice.<\/p>\n<p><strong>5. Propiedad intelectual e industrial<\/strong><br \/>\nEl usuario reconoce y acepta expresamente la titularidad de Fundaci\u00f3n V\u00e9rtice, o de los proveedores de los contenidos sobre los derechos de propiedad intelectual e industrial de la web y de los elementos que la integran.<\/p>\n<p>Entre otros, y con finalidad meramente ejemplificativa, se reconoce la propiedad intelectual e industrial sobre la web, sus pantallas, informaci\u00f3n y material en ella contenidos, su estructura, ordenaci\u00f3n y presentaci\u00f3n de los contenidos, los programas de ordenador, mensajes, gr\u00e1ficos, dibujos, archivos de sonido y\/o imagen, fotograf\u00edas, grabaciones, bases de datos, tecnolog\u00eda, equipos inform\u00e1ticos, programas de ayuda, y, en general, cualquier clase de creaci\u00f3n o material accesible al mismo. As\u00ed mismo, se reconoce la propiedad intelectual e industrial sobre las marcas, logos, signos distintivos y nombres de dominio que en\u00a0<a href=\"http:\/\/www.verticetraining.com\/\" target=\"_blank\">www.verticetraining.com<\/a>aparecen o puedan aparecer en un futuro.<\/p>\n<p>El reconocimiento y respeto de la propiedad intelectual e industrial se extiende a la posible existencia de derechos de terceros incluidos en la web.<\/p>\n<p>Fundaci\u00f3n V\u00e9rtice, \u00fanicamente autoriza un uso personal de la web, sus servicios y contenidos a los usuarios, sin que \u00e9stos puedan realizar, directa o indirectamente, una explotaci\u00f3n comercial de los servicios, materiales, elementos o informaci\u00f3n recogida en la misma. Por tanto, la descarga, copia o impresi\u00f3n de los contenidos de la web s\u00f3lo ser\u00e1 posible para un uso privado, y siempre que no infrinja el copyright o cualquier otro derecho de, Fundaci\u00f3n V\u00e9rtice. Esto no implica la concesi\u00f3n de licencia o derecho alguno al usuario. Salvo autorizaci\u00f3n expresa de Fundaci\u00f3n V\u00e9rtice, o en su caso, de terceros titulares, el usuario no podr\u00e1 reproducir, transformar, modificar, desensamblar, realizar ingenier\u00eda inversa, distribuir, alquilar, prestar, exhibir, transmitir, retransmitir, digitalizar, traducir, adaptar, poner a disposici\u00f3n o permitir el acceso a trav\u00e9s de cualquier modalidad de comunicaci\u00f3n p\u00fablica de ninguno de los elementos referidos en los p\u00e1rrafos anteriores.<\/p>\n<p><strong>6. Protecci\u00f3n de datos personales\u00a0<\/strong><br \/>\nDe conformidad con la Ley Org\u00e1nica 15\/1999 de Protecci\u00f3n de Datos de Car\u00e1cter Personal (LOPD) y Real Decreto 1720\/2007 de desarrollo de la LOPD, le informamos que la utilizaci\u00f3n de determinados servicios en nuestra p\u00e1gina Web requiere que nos facilite determinados datos personales a trav\u00e9s de formularios de registro o mediante el env\u00edo de mensajes de correo electr\u00f3nico, y que \u00e9stos ser\u00e1n objeto de tratamiento e incorporados a los ficheros de\u00a0FUNDACI\u00d3N V\u00c9RTICE EMPRENDE, titular y responsable de los mismos. El env\u00edo voluntario de datos personales constituye el consentimiento expreso al tratamiento de los mismos y a su incorporaci\u00f3n a nuestros ficheros, si bien de car\u00e1cter revocable y sin efectos retroactivos, as\u00ed como la aceptaci\u00f3n de las condiciones del tratamiento expresadas a continuaci\u00f3n.<br \/>\nAsimismo le informamos que todos nuestros ficheros se encuentran legalmente inscritos en el Registro General de Datos Personales de la Agencia Espa\u00f1ola de Protecci\u00f3n de Datos.<br \/>\nLos datos que le solicitamos son los adecuados, pertinentes y estrictamente necesarios para la finalidad por la que se recogen, y en ning\u00fan caso est\u00e1 obligado a facilit\u00e1rnoslos. Todos los datos solicitados en nuestros formularios son de obligada respuesta para poder cumplir con la finalidad de su solicitud. Asimismo, nos certifica que todos los datos que nos facilita son ciertos, veraces y pertinentes para la finalidad por la que se los solicitamos.<br \/>\nNuestra p\u00e1gina Web, solicita y recibe datos personales mediante la recepci\u00f3n de diversos formularios y a trav\u00e9s del correo electr\u00f3nico con la finalidad y con destino a dar respuesta a las solicitudes formulada.<\/p>\n<p>Si no desea recibir nuestras informaciones y comunicaciones comerciales, o quiere revocar su consentimiento respecto a las autorizaciones concedidas, as\u00ed como ejercer sus derechos de acceso, rectificaci\u00f3n, cancelaci\u00f3n y oposici\u00f3n puede dirigirse a FUNDACI\u00d3N V\u00c9RTICE EMPRENDE, C\/ HILERA 14 29007 MALAGA o al correo electr\u00f3nico protecciondedatos@fundacionvertice.org<\/p>\n<p><strong>7. Garant\u00edas y responsabilidades<\/strong><\/p>\n<p>Fundaci\u00f3n V\u00e9rtice lleva a cabo todos los esfuerzos necesarios para garantizar la disponibilidad y continuidad de la web y de los servicios que la misma ofrece, si bien no puede garantizar un perfecto funcionamiento en todo momento, ni que el usuario pueda acceder siempre a ellos y utilizarlos de forma r\u00e1pida, ininterrumpida y libre de errores. De la misma forma, y a pesar de sus esfuerzos, Fundaci\u00f3n V\u00e9rtice no puede garantizar la idoneidad y contenido de la web o de cualquiera de los servicios contenidos en la misma para la satisfacci\u00f3n de las necesidades espec\u00edficas de cada usuario.<\/p>\n<p>Fundaci\u00f3n V\u00e9rtice, sus colaboradores, empleados y representantes no se responsabilizan de las inexactitudes, omisiones relevantes, imprecisiones o erratas de los que pudieran adolecer los contenidos este sitio web u otros contenidos a los que se pueda acceder a trav\u00e9s de la misma.<\/p>\n<p>Fundaci\u00f3n V\u00e9rtice, sus colaboradores, empleados y representantes tampoco podr\u00e1n ser considerados responsables por cualesquiera da\u00f1os derivados de la utilizaci\u00f3n de este sitio web, ni por cualquier actuaci\u00f3n realizada sobre la base de la informaci\u00f3n que en ella se facilita.<\/p>\n<p>Fundaci\u00f3n V\u00e9rtice no garantiza la disponibilidad t\u00e9cnica, calidad, fiabilidad, exactitud o veracidad de los contenidos y servicios disponibles en sitios pertenecientes o gestionados por terceros a los que el usuario pueda acceder mediante enlaces en la web (links). Fundaci\u00f3n V\u00e9rtice no controla el contenido de dichos servicios web ni ofrece ni comercializa los productos o servicios disponibles en las webs enlazadas, ni asume en consecuencia responsabilidad alguna por ellas.<\/p>\n<p><strong>8. Hiperv\u00ednculos<\/strong><br \/>\nFundaci\u00f3n V\u00e9rtice s\u00f3lo autoriza el establecimiento de hiperv\u00ednculos a su web cuando se realicen cumpliendo las condiciones que a continuaci\u00f3n se detallan.<\/p>\n<p>En caso de que el usuario desee incluir en una p\u00e1gina web un hiperv\u00ednculo a la web de Fundaci\u00f3n V\u00e9rtice, dicho hiperv\u00ednculo no podr\u00e1 dar lugar a confusiones respecto a la vinculaci\u00f3n entre Fundaci\u00f3n V\u00e9rtice y el propio usuario, ni podr\u00e1 inducir a creer que cualquiera de los contenidos de la web del usuario ha sido realizado por o cuenta con la aprobaci\u00f3n o el soporte de Fundaci\u00f3n V\u00e9rtice.<\/p>\n<p>La p\u00e1gina web en la que se introduzca el hiperv\u00ednculo no contendr\u00e1 ninguna marca, nombre comercial, denominaci\u00f3n, logotipo u otros signos de los que sea titular Fundaci\u00f3n V\u00e9rtice, salvo aquellos que figuren en el propio enlace.<\/p>\n<p>El usuario deber\u00e1 establecer el hiperv\u00ednculo de manera que los usuarios de Internet que lo utilicen, accedan y vean el contenido \u00edntegro y la configuraci\u00f3n que en cada momento tenga www.verticetraining.com en su p\u00e1gina de inicio, sin que dicho contenido aparezca, ni en todo ni en parte, enmarcado en la web en la que se haya establecido el hiperv\u00ednculo o por cualquiera de los contenidos de \u00e9ste y sin que el contenido de la web de Fundaci\u00f3n V\u00e9rtice aparezca inserto, superpuesto o aparezca de cualquier forma junto con otros contenidos, ya sean informativos, publicitarios o de cualquier otro tipo que no sean los propios de la p\u00e1gina de inicio de Fundaci\u00f3n V\u00e9rtice. En este sentido, no se har\u00e1n operaciones de ?framing? ni cualquier otra operaci\u00f3n que impida a los usuarios de Internet que utilicen el hiperv\u00ednculo poder ver la web de Fundaci\u00f3n V\u00e9rtice en las mismas condiciones en las que la ver\u00eda cualquier otro usuario que hubiera tenido acceso a la misma de manera directa.<\/p>\n<p>Queda prohibida cualquier otra actuaci\u00f3n que pudiera derivar en una desviaci\u00f3n de tr\u00e1fico de la web de Fundaci\u00f3n V\u00e9rtice.<\/p>\n<p>Queda prohibido el establecimiento de hiperv\u00ednculos desde sitios web en los que se incluyan contenidos, v\u00ednculos, publicidad o cualquier otro material que pueda da\u00f1ar la imagen de Fundaci\u00f3n V\u00e9rtice o que sea contrario a la ley, al orden p\u00fablico o a la costumbre; que denigran los servicios de Fundaci\u00f3n V\u00e9rtice o de sus competidores; que incorporen contenidos sexuales o violentos; que promuevan cualquier tipo de discriminaci\u00f3n racial, sexual o por raz\u00f3n del sexo u orientaci\u00f3n sexual, religiosa, de edad y cualquier otro contenido que a libre criterio de Fundaci\u00f3n V\u00e9rtice no resulte compatible con los derechos, intereses o imagen de Fundaci\u00f3n V\u00e9rtice.<\/p>\n<p><strong>9. Cookies<\/strong><br \/>\nLa navegaci\u00f3n por nuestra p\u00e1gina constituye el consentimiento expreso de los usuarios para el uso de \u201cCookies\u201d y seguimientos de IP\u2019s, no obstante, el usuario si lo desea puede desactivar y\/o eliminar estas cookies siguiendo las instrucciones de su navegador de Internet. En ning\u00fan caso, las cookies proporcionan datos personales del usuario. Las cookies facilitan su navegaci\u00f3n en nuestra Web y nos permiten recoger datos a efectos estad\u00edsticos: preferencias, fecha de la primera visita, n\u00famero de veces que se ha visitado, fecha de la \u00faltima visita, URL y dominio de la que proviene, explorador utilizado y resoluci\u00f3n de la pantalla.<\/p>\n<p>&nbsp;<\/p>\n","protected":false},"excerpt":{"rendered":"<p>CONDICIONES GENERALES DE USO 1. \u00c1mbito Las presentes condiciones generales regulan el acceso y uso de los diversos contenidos y<\/p>\n","protected":false},"author":1,"featured_media":0,"parent":0,"menu_order":0,"comment_status":"open","ping_status":"open","template":"","meta":[],"yoast_head":"<!-- This site is optimized with the Yoast SEO plugin v17.2 - https:\/\/yoast.com\/wordpress\/plugins\/seo\/ -->\n<title>Aviso legal - Un potito por navidad, una cena para ellos<\/title>\n<meta name=\"robots\" content=\"index, follow, max-snippet:-1, max-image-preview:large, max-video-preview:-1\" \/>\n<link rel=\"canonical\" href=\"https:\/\/grupovertice.com\/unpotitopornavidad\/aviso-legal\/\" \/>\n<meta property=\"og:locale\" content=\"es_ES\" \/>\n<meta property=\"og:type\" content=\"article\" \/>\n<meta property=\"og:title\" content=\"Aviso legal - Un potito por navidad, una cena para ellos\" \/>\n<meta property=\"og:description\" content=\"CONDICIONES GENERALES DE USO 1. \u00c1mbito Las presentes condiciones generales regulan el acceso y uso de los diversos contenidos y\" \/>\n<meta property=\"og:url\" content=\"https:\/\/grupovertice.com\/unpotitopornavidad\/aviso-legal\/\" \/>\n<meta property=\"og:site_name\" content=\"Un potito por navidad, una cena para ellos\" \/>\n<meta name=\"twitter:card\" content=\"summary\" \/>\n<meta name=\"twitter:label1\" content=\"Tiempo de lectura\" \/>\n\t<meta name=\"twitter:data1\" content=\"11 minutos\" \/>\n<script type=\"application\/ld+json\" class=\"yoast-schema-graph\">{\"@context\":\"https:\/\/schema.org\",\"@graph\":[{\"@type\":\"Organization\",\"@id\":\"https:\/\/grupovertice.com\/unpotitopornavidad\/#organization\",\"name\":\"Fundaci\\u00f3n V\\u00e9rtice\",\"url\":\"https:\/\/grupovertice.com\/unpotitopornavidad\/\",\"sameAs\":[],\"logo\":{\"@type\":\"ImageObject\",\"@id\":\"https:\/\/grupovertice.com\/unpotitopornavidad\/#logo\",\"inLanguage\":\"es\",\"url\":\"https:\/\/www.vertice.org\/unpotitopornavidad\/wp-content\/uploads\/2015\/11\/logo-fundacion-blanco.png\",\"contentUrl\":\"https:\/\/www.vertice.org\/unpotitopornavidad\/wp-content\/uploads\/2015\/11\/logo-fundacion-blanco.png\",\"width\":1516,\"height\":726,\"caption\":\"Fundaci\\u00f3n V\\u00e9rtice\"},\"image\":{\"@id\":\"https:\/\/grupovertice.com\/unpotitopornavidad\/#logo\"}},{\"@type\":\"WebSite\",\"@id\":\"https:\/\/grupovertice.com\/unpotitopornavidad\/#website\",\"url\":\"https:\/\/grupovertice.com\/unpotitopornavidad\/\",\"name\":\"Un potito por navidad, una cena para ellos\",\"description\":\"Campa\\u00f1a Un potito por navidad 2025\",\"publisher\":{\"@id\":\"https:\/\/grupovertice.com\/unpotitopornavidad\/#organization\"},\"potentialAction\":[{\"@type\":\"SearchAction\",\"target\":{\"@type\":\"EntryPoint\",\"urlTemplate\":\"https:\/\/grupovertice.com\/unpotitopornavidad\/?s={search_term_string}\"},\"query-input\":\"required name=search_term_string\"}],\"inLanguage\":\"es\"},{\"@type\":\"WebPage\",\"@id\":\"https:\/\/grupovertice.com\/unpotitopornavidad\/aviso-legal\/#webpage\",\"url\":\"https:\/\/grupovertice.com\/unpotitopornavidad\/aviso-legal\/\",\"name\":\"Aviso legal - Un potito por navidad, una cena para ellos\",\"isPartOf\":{\"@id\":\"https:\/\/grupovertice.com\/unpotitopornavidad\/#website\"},\"datePublished\":\"2014-11-13T12:21:15+00:00\",\"dateModified\":\"2014-11-13T12:21:15+00:00\",\"breadcrumb\":{\"@id\":\"https:\/\/grupovertice.com\/unpotitopornavidad\/aviso-legal\/#breadcrumb\"},\"inLanguage\":\"es\",\"potentialAction\":[{\"@type\":\"ReadAction\",\"target\":[\"https:\/\/grupovertice.com\/unpotitopornavidad\/aviso-legal\/\"]}]},{\"@type\":\"BreadcrumbList\",\"@id\":\"https:\/\/grupovertice.com\/unpotitopornavidad\/aviso-legal\/#breadcrumb\",\"itemListElement\":[{\"@type\":\"ListItem\",\"position\":1,\"name\":\"Portada\",\"item\":\"https:\/\/grupovertice.com\/unpotitopornavidad\/\"},{\"@type\":\"ListItem\",\"position\":2,\"name\":\"Aviso legal\"}]}]}<\/script>\n<!-- \/ Yoast SEO plugin. -->","yoast_head_json":{"title":"Aviso legal - Un potito por navidad, una cena para ellos","robots":{"index":"index","follow":"follow","max-snippet":"max-snippet:-1","max-image-preview":"max-image-preview:large","max-video-preview":"max-video-preview:-1"},"canonical":"https:\/\/grupovertice.com\/unpotitopornavidad\/aviso-legal\/","og_locale":"es_ES","og_type":"article","og_title":"Aviso legal - Un potito por navidad, una cena para ellos","og_description":"CONDICIONES GENERALES DE USO 1. \u00c1mbito Las presentes condiciones generales regulan el acceso y uso de los diversos contenidos y","og_url":"https:\/\/grupovertice.com\/unpotitopornavidad\/aviso-legal\/","og_site_name":"Un potito por navidad, una cena para ellos","twitter_card":"summary","twitter_misc":{"Tiempo de lectura":"11 minutos"},"schema":{"@context":"https:\/\/schema.org","@graph":[{"@type":"Organization","@id":"https:\/\/grupovertice.com\/unpotitopornavidad\/#organization","name":"Fundaci\u00f3n V\u00e9rtice","url":"https:\/\/grupovertice.com\/unpotitopornavidad\/","sameAs":[],"logo":{"@type":"ImageObject","@id":"https:\/\/grupovertice.com\/unpotitopornavidad\/#logo","inLanguage":"es","url":"https:\/\/www.vertice.org\/unpotitopornavidad\/wp-content\/uploads\/2015\/11\/logo-fundacion-blanco.png","contentUrl":"https:\/\/www.vertice.org\/unpotitopornavidad\/wp-content\/uploads\/2015\/11\/logo-fundacion-blanco.png","width":1516,"height":726,"caption":"Fundaci\u00f3n V\u00e9rtice"},"image":{"@id":"https:\/\/grupovertice.com\/unpotitopornavidad\/#logo"}},{"@type":"WebSite","@id":"https:\/\/grupovertice.com\/unpotitopornavidad\/#website","url":"https:\/\/grupovertice.com\/unpotitopornavidad\/","name":"Un potito por navidad, una cena para ellos","description":"Campa\u00f1a Un potito por navidad 2025","publisher":{"@id":"https:\/\/grupovertice.com\/unpotitopornavidad\/#organization"},"potentialAction":[{"@type":"SearchAction","target":{"@type":"EntryPoint","urlTemplate":"https:\/\/grupovertice.com\/unpotitopornavidad\/?s={search_term_string}"},"query-input":"required name=search_term_string"}],"inLanguage":"es"},{"@type":"WebPage","@id":"https:\/\/grupovertice.com\/unpotitopornavidad\/aviso-legal\/#webpage","url":"https:\/\/grupovertice.com\/unpotitopornavidad\/aviso-legal\/","name":"Aviso legal - Un potito por navidad, una cena para ellos","isPartOf":{"@id":"https:\/\/grupovertice.com\/unpotitopornavidad\/#website"},"datePublished":"2014-11-13T12:21:15+00:00","dateModified":"2014-11-13T12:21:15+00:00","breadcrumb":{"@id":"https:\/\/grupovertice.com\/unpotitopornavidad\/aviso-legal\/#breadcrumb"},"inLanguage":"es","potentialAction":[{"@type":"ReadAction","target":["https:\/\/grupovertice.com\/unpotitopornavidad\/aviso-legal\/"]}]},{"@type":"BreadcrumbList","@id":"https:\/\/grupovertice.com\/unpotitopornavidad\/aviso-legal\/#breadcrumb","itemListElement":[{"@type":"ListItem","position":1,"name":"Portada","item":"https:\/\/grupovertice.com\/unpotitopornavidad\/"},{"@type":"ListItem","position":2,"name":"Aviso legal"}]}]}},"_links":{"self":[{"href":"https:\/\/grupovertice.com\/unpotitopornavidad\/wp-json\/wp\/v2\/pages\/10"}],"collection":[{"href":"https:\/\/grupovertice.com\/unpotitopornavidad\/wp-json\/wp\/v2\/pages"}],"about":[{"href":"https:\/\/grupovertice.com\/unpotitopornavidad\/wp-json\/wp\/v2\/types\/page"}],"author":[{"embeddable":true,"href":"https:\/\/grupovertice.com\/unpotitopornavidad\/wp-json\/wp\/v2\/users\/1"}],"replies":[{"embeddable":true,"href":"https:\/\/grupovertice.com\/unpotitopornavidad\/wp-json\/wp\/v2\/comments?post=10"}],"version-history":[{"count":2,"href":"https:\/\/grupovertice.com\/unpotitopornavidad\/wp-json\/wp\/v2\/pages\/10\/revisions"}],"predecessor-version":[{"id":31,"href":"https:\/\/grupovertice.com\/unpotitopornavidad\/wp-json\/wp\/v2\/pages\/10\/revisions\/31"}],"wp:attachment":[{"href":"https:\/\/grupovertice.com\/unpotitopornavidad\/wp-json\/wp\/v2\/media?parent=10"}],"curies":[{"name":"wp","href":"https:\/\/api.w.org\/{rel}","templated":true}]}}