{"id":3828,"date":"2017-05-13T18:57:24","date_gmt":"2017-05-13T18:57:24","guid":{"rendered":"http:\/\/www.vertice.org\/blog\/?page_id=3828"},"modified":"2024-07-04T10:27:25","modified_gmt":"2024-07-04T10:27:25","slug":"uso-de-cookies","status":"publish","type":"page","link":"https:\/\/grupovertice.com\/blog\/uso-de-cookies\/","title":{"rendered":"Uso de Cookies"},"content":{"rendered":"<p>En base a lo previsto en el Considerando 30 del Reglamento (UE) 2016\/679 del Parlamento Europeo y del Consejo, de 27 de abril de 2016, relativo a la protecci\u00f3n de las personas f\u00edsicas en lo que respecta al tratamiento de datos personales y a la libre circulaci\u00f3n de estos datos (RGPD), le informamos de la empresa utiliza cookies con las finalidades que se detallan en la presente Pol\u00edtica de Cookies.<\/p>\n<p><strong>\u00bfQU\u00c9 SON LAS COOKIES?<\/strong><\/p>\n<p>Las cookies son archivos de texto que contienen peque\u00f1as cantidades de informaci\u00f3n que se descargan en su ordenador o dispositivo m\u00f3vil cuando el Usuario visita un sitio web. Las cookies se env\u00edan de vuelta al sitio web original en cada visita posterior, o a otro sitio web que las reconoce. Las cookies pueden realizar diferentes funciones como permitir navegar entre las p\u00e1ginas de manera eficiente, recordando sus preferencias y en general, mejorar la navegaci\u00f3n del usuario.<\/p>\n<p><strong>\u00bfC\u00d3MO SE CLASIFICAN LAS COOKIES?<\/strong><\/p>\n<p>Seg\u00fan distintos criterios de clasificaci\u00f3n, las cookies se pueden clasificar en los siguientes tipos:<\/p>\n<p><strong>Seg\u00fan el emisor de las Cookies<\/strong><\/p>\n<ul>\n<li>Cookies propias: Son aquellas que se env\u00edan al equipo terminal del usuario desde un equipo o dominio gestionado por el propio editor del sitio web y desde el que se presta el servicio solicitado por el usuario.<\/li>\n<\/ul>\n<ul>\n<li>Cookies de tercero: Son aquellas que se env\u00edan al equipo terminal del usuario desde un equipo o dominio que no es gestionado por el editor del sitio web, sino por otra entidad que trata los datos obtenidos trav\u00e9s de las<\/li>\n<\/ul>\n<p><strong>Seg\u00fan el ciclo de vida de las Cookies:<\/strong><\/p>\n<ul>\n<li>Cookies de sesi\u00f3n: Son cookies temporales que permanecen en el archivo de cookies de su navegador hasta que abandone la p\u00e1gina web, por lo que ninguna queda registrada en el disco duro del usuario. La informaci\u00f3n obtenida por medio de estas cookies sirve para analizar pautas de tr\u00e1fico en la web. Esto permite proporcionar una mejor experiencia para mejorar el contenido y facilitar su uso.<\/li>\n<\/ul>\n<ul>\n<li>Cookies permanentes: Son almacenadas en el disco duro y el sitio web las lee cada vez que el usuario realiza una nueva Una cookie permanente posee una fecha de expiraci\u00f3n determinada. La cookie dejar\u00e1 de funcionar despu\u00e9s de esa fecha. Se utilizan para facilitar los servicios de compra y registro.<\/li>\n<\/ul>\n<p><strong>\u00a0<\/strong><\/p>\n<p><strong>Seg\u00fan la finalidad para la que se usan las Cookies:<\/strong><\/p>\n<ul>\n<li>Cookies t\u00e9cnicas: Son aquellas que permiten al usuario la navegaci\u00f3n a trav\u00e9s de una p\u00e1gina web, plataforma o aplicaci\u00f3n y la utilizaci\u00f3n de las diferentes opciones o servicios que en ella existan como, por ejemplo, controlar el tr\u00e1fico y la comunicaci\u00f3n de datos, identificar la sesi\u00f3n, acceder a partes de acceso restringido, recordar los elementos que integran un pedido, realizar el proceso de compra de un pedido, realizar la solicitud de inscripci\u00f3n o participaci\u00f3n en un evento, utilizar elementos de seguridad durante la navegaci\u00f3n, almacenar contenidos para la difusi\u00f3n de videos o sonido o compartir contenidos a trav\u00e9s de redes sociales.<\/li>\n<\/ul>\n<ul>\n<li>Cookies de personalizaci\u00f3n o preferencias: Son aquellas que permiten al usuario acceder al servicio con algunas caracter\u00edsticas de car\u00e1cter general predefinidas en funci\u00f3n de una serie de criterios en el terminal del usuario como por ejemplo serian el idioma, el tipo de navegador a trav\u00e9s del cual accede al servicio, la configuraci\u00f3n regional desde donde accede al servicio, etc.<\/li>\n<\/ul>\n<ul>\n<li>Cookies de an\u00e1lisis: Son aquellas que permiten al responsable de estas, el seguimiento y an\u00e1lisis del comportamiento de los usuarios de los sitios web a los que est\u00e1n La informaci\u00f3n recogida mediante este tipo de cookies se utiliza en la medici\u00f3n de la actividad de los sitios web, aplicaci\u00f3n o plataforma y para la elaboraci\u00f3n de perfiles de navegaci\u00f3n de los usuarios de dichos sitios, aplicaciones y plataformas, con el fin de introducir mejoras en funci\u00f3n del an\u00e1lisis de los datos de uso que hacen los usuarios del servicio.<\/li>\n<\/ul>\n<ul>\n<li>Cookies publicitarias: Son aquellas que permiten la gesti\u00f3n de los espacios publicitarios que, en su caso, el editor haya incluido en una p\u00e1gina web, aplicaci\u00f3n o plataforma desde la que presta el servicio solicitado en base a criterios como el contenido editado o la frecuencia en la que se muestran los<\/li>\n<\/ul>\n<ul>\n<li>Cookies de publicidad comportamental: Son aquellas que permiten la gesti\u00f3n de los espacios publicitarios que el editor haya incluido en una p\u00e1gina web, aplicaci\u00f3n o plataforma desde la que presta el servicio Estas cookies almacenan informaci\u00f3n del comportamiento de los usuarios obtenida a trav\u00e9s de la observaci\u00f3n continuada de sus h\u00e1bitos de navegaci\u00f3n, lo que permite desarrollar un perfil espec\u00edfico para mostrar publicidad en funci\u00f3n de este.<\/li>\n<\/ul>\n<p><strong>TIPOS DE COOKIES UTILIZADAS EN EL SITIO WEB<\/strong><\/p>\n<p>Le indicamos a continuaci\u00f3n el tipo de cookies utilizadas en el sitio web, su finalidad y entidad que las gestiona. Puede consultar informaci\u00f3n detallada en relaci\u00f3n con cada una de estas cookies y caducidad de las mismas, accediendo a nuestro apartado de\u00a0<u>Configuraci\u00f3n<\/u>:<\/p>\n<table width=\"643\">\n<tbody>\n<tr>\n<td width=\"123\"><strong>TIPO DE COOKIE<\/strong><\/td>\n<td width=\"246\"><strong>FINALIDAD<\/strong><\/td>\n<td width=\"170\"><strong>ENTIDAD QUE LAS GESTIONA<\/strong><\/td>\n<td width=\"104\"><strong>CADUCIDAD<\/strong><\/td>\n<\/tr>\n<tr>\n<td width=\"123\">T\u00e9cnicas<\/td>\n<td width=\"246\">Las\u00a0<strong><u>cookies t\u00e9cnicas<\/u>\u00a0<\/strong>permiten al usuario la navegaci\u00f3n a trav\u00e9s del sitio web y la utilizaci\u00f3n de las diferentes opciones o servicios, incluyendo aquellos que utilizamos para permitir la gesti\u00f3n y operativa de la p\u00e1gina web y habilitar sus funciones y servicios, como, por ejemplo, controlar el tr\u00e1fico y la comunicaci\u00f3n de datos, identificar la sesi\u00f3n o acceder a partes de acceso restringido.<\/td>\n<td width=\"170\">Propias<\/td>\n<td width=\"104\">De sesi\u00f3n<\/td>\n<\/tr>\n<tr>\n<td width=\"123\">Estad\u00edsticas<\/td>\n<td width=\"246\">Hacemos uso de<strong>\u00a0<u>Cookies anal\u00edticas y estad\u00edsticas<\/u><\/strong>\u00a0con el fin de cuantificar el n\u00famero de usuarios y visitantes y as\u00ed realizar la medici\u00f3n y an\u00e1lisis estad\u00edstico de la utilizaci\u00f3n que hacen los usuarios del servicio ofrecido a trav\u00e9s de nuestro sitio web. Para ello se analiza su navegaci\u00f3n en nuestra p\u00e1gina web con el fin de mejorar la oferta de productos o servicios que le ofrecemos.<\/td>\n<td width=\"170\">Propias<\/td>\n<td width=\"104\">M\u00e1ximo de 2 a\u00f1os.<\/td>\n<\/tr>\n<tr>\n<td width=\"123\">Marketing<\/td>\n<td width=\"246\">Utilizamos<strong>\u00a0Cookies de marketing o preferencias\u00a0<\/strong>que nos permiten analizar sus h\u00e1bitos de navegaci\u00f3n en Internet para que podamos mostrarle contenidos adaptados a sus preferencias.<\/td>\n<td width=\"170\">Youtube: (<a href=\"https:\/\/policies.google.com\/technologies\/cookies?hl=es\">Pol\u00edtica de Privacidad de Youtube<\/a>)<\/td>\n<td width=\"104\">En funci\u00f3n de la Cookie, pueden ser de sesi\u00f3n o persistentes.<\/td>\n<\/tr>\n<\/tbody>\n<\/table>\n<p>La base que legitima el tratamiento en relaci\u00f3n con el uso de cookies t\u00e9cnicas es el inter\u00e9s leg\u00edtimo de la Empresa en facilitar la navegaci\u00f3n del usuario por el sitio web.\u00a0 La base que legitima el tratamiento en relaci\u00f3n con el uso de cookies no necesarias para la navegaci\u00f3n (estad\u00edsticas y de marketing) es el consentimiento del usuario. El usuario puede revocar dicho consentimiento en cualquier momento, sin que ello afecte a la licitud del tratamiento con car\u00e1cter previo a su retirada. A tal efecto, el usuario puede consultar nuestro siguiente apartado sobre configuraci\u00f3n y desactivaci\u00f3n de cookies, as\u00ed como acceder a la informaci\u00f3n sobre el procedimiento para el ejercicio de derechos y resto de informaci\u00f3n relacionada con el tratamiento de sus datos personales, a trav\u00e9s de nuestra\u00a0<u>Pol\u00edtica de Privacidad<\/u>.<\/p>\n<p>La utilizaci\u00f3n de cookies no necesarias para la navegaci\u00f3n implica transferencia internacional de datos a EEUU. En este sentido, informamos al usuario que la protecci\u00f3n de datos en dicho territorio no tiene un nivel de seguridad equiparable al tratamiento de datos en la UE y la aceptaci\u00f3n del uso de estas cookies implica el conocimiento y aceptaci\u00f3n de esta circunstancia.<\/p>\n<p><strong>CONFIGURACI\u00d3N Y DESACTIVACI\u00d3N DE COOKIES<\/strong><\/p>\n<p>En los siguientes enlaces se facilita toda la informaci\u00f3n para configurar o deshabilitar cookies en cada navegador:<\/p>\n<ul>\n<li><a href=\"https:\/\/support.google.com\/chrome\/answer\/95647?hl=es\">Google Chrome<\/a><\/li>\n<li><a href=\"https:\/\/support.mozilla.org\/es\/kb\/habilitar-y-deshabilitar-cookies-que-los-sitios-we\">Mozilla Firefox<\/a><\/li>\n<li><a href=\"http:\/\/windows.microsoft.com\/es-es\/windows-vista\/block-or-allow-cookies\">Internet Explorer<\/a><\/li>\n<li><a href=\"https:\/\/support.apple.com\/es-es\/guide\/safari\/sfri11471\/mac\">Safari<\/a><\/li>\n<li><a href=\"https:\/\/www.opera.com\/help\/tutorials\/security\/privacy\/\">Opera<\/a><\/li>\n<\/ul>\n<p>Adem\u00e1s, el Usuario puede gestionar el almacenamiento de cookies en su navegador a trav\u00e9s de herramientas como las siguientes:<\/p>\n<ul>\n<li>Ghostery:\u00a0<a href=\"http:\/\/www.ghostery.com\/\">www.ghostery.com\/<\/a><\/li>\n<li>Your online choices:\u00a0<a href=\"http:\/\/www.youronlinechoices.com\/es\/\">www.youronlinechoices.com\/es\/<\/a><\/li>\n<\/ul>\n<p><u>\u00a0<\/u><\/p>\n<p>Si desea m\u00e1s informaci\u00f3n acerca de las cookies, puede consultar la\u00a0<a href=\"https:\/\/www.aepd.es\/es\/documento\/guia-cookies.pdf\">GU\u00cdA SOBRE EL USO DE COOKIES<\/a>\u00a0 elaborada por la Agencia Espa\u00f1ola de Protecci\u00f3n de Datos.<\/p>\n<p>Fecha de la \u00faltima actualizaci\u00f3n: Marzo 2023<\/p>\n","protected":false},"excerpt":{"rendered":"<p>En base a lo previsto en el Considerando 30 del Reglamento (UE) 2016\/679 del Parlamento Europeo y del Consejo, de<\/p>\n","protected":false},"author":3,"featured_media":0,"parent":0,"menu_order":0,"comment_status":"closed","ping_status":"closed","template":"","meta":{"_monsterinsights_skip_tracking":false,"_monsterinsights_sitenote_active":false,"_monsterinsights_sitenote_note":"","_monsterinsights_sitenote_category":0},"yoast_head":"<!-- This site is optimized with the Yoast SEO plugin v17.2 - https:\/\/yoast.com\/wordpress\/plugins\/seo\/ -->\n<title>Uso de Cookies - V\u00c9RTICE<\/title>\n<meta name=\"robots\" content=\"index, follow, max-snippet:-1, max-image-preview:large, max-video-preview:-1\" \/>\n<link rel=\"canonical\" href=\"https:\/\/grupovertice.com\/blog\/uso-de-cookies\/\" \/>\n<meta property=\"og:locale\" content=\"es_ES\" \/>\n<meta property=\"og:type\" content=\"article\" \/>\n<meta property=\"og:title\" content=\"Uso de Cookies - V\u00c9RTICE\" \/>\n<meta property=\"og:description\" content=\"En base a lo previsto en el Considerando 30 del Reglamento (UE) 2016\/679 del Parlamento Europeo y del Consejo, de\" \/>\n<meta property=\"og:url\" content=\"https:\/\/grupovertice.com\/blog\/uso-de-cookies\/\" \/>\n<meta property=\"og:site_name\" content=\"V\u00c9RTICE\" \/>\n<meta property=\"article:modified_time\" content=\"2024-07-04T10:27:25+00:00\" \/>\n<meta name=\"twitter:card\" content=\"summary\" \/>\n<meta name=\"twitter:label1\" content=\"Tiempo de lectura\" \/>\n\t<meta name=\"twitter:data1\" content=\"7 minutos\" \/>\n<script type=\"application\/ld+json\" class=\"yoast-schema-graph\">{\"@context\":\"https:\/\/schema.org\",\"@graph\":[{\"@type\":\"WebSite\",\"@id\":\"https:\/\/grupovertice.com\/blog\/#website\",\"url\":\"https:\/\/grupovertice.com\/blog\/\",\"name\":\"V\\u00c9RTICE\",\"description\":\"BLOG DE FORMACI\\u00d3N Y EMPLEO\",\"potentialAction\":[{\"@type\":\"SearchAction\",\"target\":{\"@type\":\"EntryPoint\",\"urlTemplate\":\"https:\/\/grupovertice.com\/blog\/?s={search_term_string}\"},\"query-input\":\"required name=search_term_string\"}],\"inLanguage\":\"es\"},{\"@type\":\"WebPage\",\"@id\":\"https:\/\/grupovertice.com\/blog\/uso-de-cookies\/#webpage\",\"url\":\"https:\/\/grupovertice.com\/blog\/uso-de-cookies\/\",\"name\":\"Uso de Cookies - V\\u00c9RTICE\",\"isPartOf\":{\"@id\":\"https:\/\/grupovertice.com\/blog\/#website\"},\"datePublished\":\"2017-05-13T18:57:24+00:00\",\"dateModified\":\"2024-07-04T10:27:25+00:00\",\"breadcrumb\":{\"@id\":\"https:\/\/grupovertice.com\/blog\/uso-de-cookies\/#breadcrumb\"},\"inLanguage\":\"es\",\"potentialAction\":[{\"@type\":\"ReadAction\",\"target\":[\"https:\/\/grupovertice.com\/blog\/uso-de-cookies\/\"]}]},{\"@type\":\"BreadcrumbList\",\"@id\":\"https:\/\/grupovertice.com\/blog\/uso-de-cookies\/#breadcrumb\",\"itemListElement\":[{\"@type\":\"ListItem\",\"position\":1,\"name\":\"Portada\",\"item\":\"https:\/\/grupovertice.com\/blog\/\"},{\"@type\":\"ListItem\",\"position\":2,\"name\":\"Uso de Cookies\"}]}]}<\/script>\n<!-- \/ Yoast SEO plugin. -->","yoast_head_json":{"title":"Uso de Cookies - V\u00c9RTICE","robots":{"index":"index","follow":"follow","max-snippet":"max-snippet:-1","max-image-preview":"max-image-preview:large","max-video-preview":"max-video-preview:-1"},"canonical":"https:\/\/grupovertice.com\/blog\/uso-de-cookies\/","og_locale":"es_ES","og_type":"article","og_title":"Uso de Cookies - V\u00c9RTICE","og_description":"En base a lo previsto en el Considerando 30 del Reglamento (UE) 2016\/679 del Parlamento Europeo y del Consejo, de","og_url":"https:\/\/grupovertice.com\/blog\/uso-de-cookies\/","og_site_name":"V\u00c9RTICE","article_modified_time":"2024-07-04T10:27:25+00:00","twitter_card":"summary","twitter_misc":{"Tiempo de lectura":"7 minutos"},"schema":{"@context":"https:\/\/schema.org","@graph":[{"@type":"WebSite","@id":"https:\/\/grupovertice.com\/blog\/#website","url":"https:\/\/grupovertice.com\/blog\/","name":"V\u00c9RTICE","description":"BLOG DE FORMACI\u00d3N Y EMPLEO","potentialAction":[{"@type":"SearchAction","target":{"@type":"EntryPoint","urlTemplate":"https:\/\/grupovertice.com\/blog\/?s={search_term_string}"},"query-input":"required name=search_term_string"}],"inLanguage":"es"},{"@type":"WebPage","@id":"https:\/\/grupovertice.com\/blog\/uso-de-cookies\/#webpage","url":"https:\/\/grupovertice.com\/blog\/uso-de-cookies\/","name":"Uso de Cookies - V\u00c9RTICE","isPartOf":{"@id":"https:\/\/grupovertice.com\/blog\/#website"},"datePublished":"2017-05-13T18:57:24+00:00","dateModified":"2024-07-04T10:27:25+00:00","breadcrumb":{"@id":"https:\/\/grupovertice.com\/blog\/uso-de-cookies\/#breadcrumb"},"inLanguage":"es","potentialAction":[{"@type":"ReadAction","target":["https:\/\/grupovertice.com\/blog\/uso-de-cookies\/"]}]},{"@type":"BreadcrumbList","@id":"https:\/\/grupovertice.com\/blog\/uso-de-cookies\/#breadcrumb","itemListElement":[{"@type":"ListItem","position":1,"name":"Portada","item":"https:\/\/grupovertice.com\/blog\/"},{"@type":"ListItem","position":2,"name":"Uso de Cookies"}]}]}},"_links":{"self":[{"href":"https:\/\/grupovertice.com\/blog\/wp-json\/wp\/v2\/pages\/3828"}],"collection":[{"href":"https:\/\/grupovertice.com\/blog\/wp-json\/wp\/v2\/pages"}],"about":[{"href":"https:\/\/grupovertice.com\/blog\/wp-json\/wp\/v2\/types\/page"}],"author":[{"embeddable":true,"href":"https:\/\/grupovertice.com\/blog\/wp-json\/wp\/v2\/users\/3"}],"replies":[{"embeddable":true,"href":"https:\/\/grupovertice.com\/blog\/wp-json\/wp\/v2\/comments?post=3828"}],"version-history":[{"count":2,"href":"https:\/\/grupovertice.com\/blog\/wp-json\/wp\/v2\/pages\/3828\/revisions"}],"predecessor-version":[{"id":8952,"href":"https:\/\/grupovertice.com\/blog\/wp-json\/wp\/v2\/pages\/3828\/revisions\/8952"}],"wp:attachment":[{"href":"https:\/\/grupovertice.com\/blog\/wp-json\/wp\/v2\/media?parent=3828"}],"curies":[{"name":"wp","href":"https:\/\/api.w.org\/{rel}","templated":true}]}}