{"id":2517,"date":"2015-10-21T09:31:43","date_gmt":"2015-10-21T09:31:43","guid":{"rendered":"http:\/\/www.vertice.org\/blog\/?page_id=2517"},"modified":"2024-07-04T10:23:35","modified_gmt":"2024-07-04T10:23:35","slug":"aviso-legal","status":"publish","type":"page","link":"https:\/\/grupovertice.com\/blog\/aviso-legal\/","title":{"rendered":"Aviso Legal"},"content":{"rendered":"<ol>\n<li><strong>TITULAR DEL SITIO WEB<\/strong><\/li>\n<\/ol>\n<p>En cumplimiento de lo previsto en el art\u00edculo 10 de la Ley 34\/2002, de 11 de julio, de Servicios de la Sociedad de la Informaci\u00f3n y Comercio Electr\u00f3nico (LSSICE), se informa al Usuario que la titularidad del sitio web\u00a0<a href=\"https:\/\/www.vertice.org\/\">https:\/\/www.vertice.org\/<\/a>\u00a0<em>\u00a0(<\/em>en adelante, el \u201cPortal\u201d) corresponde a:<\/p>\n<ul>\n<li><strong>V\u00c9RTICE Formaci\u00f3n y Empleo SL\u00a0<\/strong>, en adelante \u201cVERTICE\u201d.<\/li>\n<li>NIF: B98138274<\/li>\n<li>Domicilio: C\/ Montalb\u00e1n 3, Planta Baja, 29002, M\u00e1laga<\/li>\n<li>Entidad inscrita en el Registro Mercantil de M\u00e1laga al tomo 4705 Hoja MA-103422<\/li>\n<li>Tlf: +34912796132<\/li>\n<li>Fax: +34951011352<\/li>\n<li>Email:\u00a0<a href=\"mailto:info@vertice.org\">info@vertice.org<\/a><\/li>\n<\/ul>\n<ol start=\"2\">\n<li><strong>OBJETO<\/strong><\/li>\n<\/ol>\n<p>A trav\u00e9s del sitio web se ofrece a los Usuarios la posibilidad de acceder a informaci\u00f3n sobre los productos y servicios ofrecidos por la empresa y a sus datos de contacto. El acceso a este sitio web o su utilizaci\u00f3n en cualquier forma le otorga la calificaci\u00f3n de \u201cUsuario\u201d e implica la aceptaci\u00f3n sin reservas del presente Aviso Legal. El Usuario deber\u00e1 leer atentamente el contenido del Aviso Legal en cada una de las ocasiones en que se proponga utilizar el Portal, ya que el contenido puede estar sujeto a modificaciones.<\/p>\n<p>Algunos servicios del Portal pueden estar sometidos a condiciones espec\u00edficas, reglamentos e instrucciones que, en su caso, sustituyen, completan y\/o modifican el presente Aviso Legal y deber\u00e1n ser aceptados por el Usuario antes de iniciarse la prestaci\u00f3n del servicio correspondiente.<\/p>\n<p>La informaci\u00f3n contenida y accesible a trav\u00e9s de este Portal es facilitada por V\u00c9RTICE con objeto de proporcionar directrices generales y ofrecer al usuario informaci\u00f3n de inter\u00e9s general (los \u201cContenidos\u201d).<\/p>\n<ol start=\"3\">\n<li><strong>ACCESO Y USO DEL PORTAL<\/strong><\/li>\n<\/ol>\n<p>El acceso general y navegaci\u00f3n a trav\u00e9s del Portal no conlleva registro previo, salvo para aquellas funcionalidades y\/o servicios que as\u00ed lo requieran, en cuyo caso resultar\u00e1 necesario facilitar determinada informaci\u00f3n a trav\u00e9s de los formularios dispuestos al efecto.<\/p>\n<p>La naturaleza de los contenidos del Portal y los servicios prestados a trav\u00e9s del mismo se dirigen a usuarios mayores de 18 a\u00f1os, por tanto, queda expresamente prohibido el acceso a usuarios menores de dicha edad.<\/p>\n<ol start=\"4\">\n<li><strong>PROPIEDAD INDUSTRIAL E INTELECTUAL<\/strong><\/li>\n<\/ol>\n<p>Dado que los Contenidos (incluyendo, sin car\u00e1cter limitativo, bases de datos, im\u00e1genes, fotograf\u00edas, patentes, modelos de utilidad e industriales, dibujos, gr\u00e1ficos, archivos de texto, audio, v\u00eddeo y software) del presente Portal est\u00e1n protegidos por copyright y marca registrada, el uso no autorizado de cualquier Contenido incluido en el Portal puede incumplir el copyright, la marca registrada u otros derechos de propiedad industrial e intelectual, protegidos por la ley aplicable. La recopilaci\u00f3n (entendi\u00e9ndose como tal la obtenci\u00f3n, dise\u00f1o, ordenaci\u00f3n y montaje) de todo el contenido del Portal es propiedad exclusiva de V\u00c9RTICE, y se encuentra protegida por la normativa aplicable en materia de propiedad industrial e intelectual. Todo el software, texto, dibujos gr\u00e1ficos, v\u00eddeos o soportes de audio utilizados en el uso y desarrollo del Sitio Web es propiedad de V\u00c9RTICE o de sus proveedores de software y se encuentra protegido por las leyes de propiedad industrial e intelectual.<\/p>\n<p>La puesta a disposici\u00f3n de los usuarios de las bases de datos, im\u00e1genes, fotograf\u00edas, patentes, modelos de utilidad e industriales, dibujos, gr\u00e1ficos, archivos de texto, audio, v\u00eddeo y software propiedad de V\u00c9RTICE o de sus proveedores a trav\u00e9s del Portal o que figuran en el mismo, no implica, en ning\u00fan caso, la cesi\u00f3n de su titularidad o la concesi\u00f3n de un derecho de explotaci\u00f3n a favor del usuario distinto del uso que comporta la utilizaci\u00f3n leg\u00edtima y acorde con la naturaleza del Portal.<\/p>\n<p>Si el Usuario descargase Contenidos del Portal para un uso personal o no-comercial, debe conservar todas las notificaciones de copyright, marca registrada u otros avisos similares incluidos en el material original o en cualquier copia de material.<\/p>\n<p>Queda prohibido reproducir, difundir, transformar, transmitir por cualquier medio, posterior publicaci\u00f3n, exhibici\u00f3n, comunicaci\u00f3n p\u00fablica o representaci\u00f3n total o parcial, modificar o suprimir la informaci\u00f3n, los Contenidos o advertencias de este Portal sin la previa autorizaci\u00f3n escrita de V\u00c9RTICE.<\/p>\n<p>V\u00c9RTICE y el logotipo de V\u00c9RTICE son marcas registradas de V\u00c9RTICE. La utilizaci\u00f3n de estas marcas requiere la autorizaci\u00f3n expresa de V\u00c9RTICE, as\u00ed como un contrato de licencia acordado expresamente por las partes. El uso no autorizado de estas marcas u otras marcas registradas de V\u00c9RTICE podr\u00eda ser objeto de procedimiento judicial en la m\u00e1xima medida posible contemplada por la ley. Para solicitar dicha autorizaci\u00f3n por escrito, p\u00f3ngase en contacto a trav\u00e9s del formulario de Contacto o en la direcci\u00f3n\u00a0<a href=\"mailto:info@vertice.org\">info@vertice.org<\/a>.<\/p>\n<p>El Usuario garantiza, respecto de cualquier informaci\u00f3n remitida a V\u00c9RTICE a trav\u00e9s de alguno de los canales dispuestos a tal fin que ostenta los derechos requeridos para ello, no infringiendo ning\u00fan derecho de propiedad industrial y\/o intelectual, patente, marca, secreto comercial, o cualesquiera otros derechos de terceros.<\/p>\n<p>El Usuario asume la responsabilidad y mantendr\u00e1 indemne a V\u00c9RTICE respecto de cualquier comunicaci\u00f3n remitida, personalmente o a su nombre, alcanzando dicha responsabilidad sin restricci\u00f3n alguna la exactitud, legalidad, originalidad y titularidad de la misma.<\/p>\n<ol start=\"5\">\n<li><strong>HIPERV\u00cdNCULOS<\/strong><\/li>\n<\/ol>\n<p>El servicio de acceso al Portal puede incluir enlaces que permiten al Usuario acceder a otras p\u00e1ginas y portales de Internet, ajenos a V\u00c9RTICE. En estos casos, V\u00c9RTICE\u00a0 no controla ni es responsable de ninguno de dichos sitios ni de su contenido ya que act\u00faa como prestador de servicios de intermediaci\u00f3n de conformidad con el art\u00edculo 17 de la Ley 34\/2002, de 12 de julio, de Servicios de la Sociedad de la Informaci\u00f3n y el Comercio Electr\u00f3nico (\u201cLSSICE\u201d) siendo \u00fanicamente responsable de los contenidos y servicios suministrados en los enlaces en la medida en que tenga conocimiento efectivo de la ilicitud y no haya desactivado el enlace con la diligencia debida.<\/p>\n<p>V\u00c9RTICE no se hace responsable de las webs ajenas a las que se puede acceder mediante v\u00ednculos (\u00ablinks\u00bb) o de cualquier contenido puesto a disposici\u00f3n por terceros. Cualquier uso de un v\u00ednculo o acceso a una web ajena es realizado por voluntad y riesgo exclusivo del Usuario. V\u00c9RTICE no recomienda ni garantiza ninguna informaci\u00f3n obtenida por, o a trav\u00e9s de, un v\u00ednculo, ni se responsabiliza de ninguna p\u00e9rdida, reclamaci\u00f3n o perjuicio derivado del uso o mal uso de un v\u00ednculo, o de la informaci\u00f3n obtenida a trav\u00e9s de \u00e9l, incluyendo otros v\u00ednculos o webs, de la interrupci\u00f3n en el servicio o en el acceso, o del intento de usar o usar mal un v\u00ednculo, tanto al acceder al Portal, como al acceder a la informaci\u00f3n de otras webs desde el mismo. El establecimiento de cualquier tipo de enlace desde el Portal a una web ajena no conllevar\u00e1 en ning\u00fan caso la existencia de relaci\u00f3n, colaboraci\u00f3n o dependencia entre V\u00c9RTICE y el titular de la web ajena.<\/p>\n<p>En caso de que V\u00c9RTICE tenga conocimiento efectivo de que la actividad o la informaci\u00f3n a la que se remite desde dichos enlaces es il\u00edcita, constitutiva de delito o puede lesionar bienes o derechos de un tercero, actuar\u00e1 con la diligencia necesaria para suprimir o inutilizar el enlace correspondiente con la mayor brevedad posible. Asimismo, si el Usuario tuviera conocimiento efectivo de la ilicitud de actividades desarrolladas a trav\u00e9s de estas p\u00e1ginas web de terceros, deber\u00e1n comunicarlo inmediatamente a la Entidad a los efectos de que se proceda a deshabilitar el enlace de acceso a la misma.<\/p>\n<p>Queda terminantemente prohibido el establecimiento de enlaces al Portal desde p\u00e1ginas web que contengan materiales, informaci\u00f3n o contenidos il\u00edcitos, ilegales, degradantes, obscenos, y en general, que contravengan la moral, el orden p\u00fablico o las normas sociales generalmente aceptadas.<\/p>\n<p>La reproducci\u00f3n en p\u00e1ginas de terceros de contenidos del Portal, su inclusi\u00f3n como parte de su web o dentro de uno de sus frames o crear un browser, requerir\u00e1 previa autorizaci\u00f3n expresa de V\u00c9RTICE.<\/p>\n<p>La inclusi\u00f3n en p\u00e1ginas de terceros de la marca, denominaci\u00f3n, nombre comercial, r\u00f3tulo, logotipo, slogan o cualquier otro tipo de elemento identificativo de V\u00c9RTICE y\/o del Portal, requerir\u00e1 previa autorizaci\u00f3n expresa de V\u00c9RTICE.<\/p>\n<ol start=\"6\">\n<li><strong>PRIVACIDAD Y TRATAMIENTO DE DATOS PERSONALES<\/strong><\/li>\n<\/ol>\n<p>El Usuario puede visitar el presente sitio web sin necesidad de facilitar ning\u00fan dato de car\u00e1cter personal; no obstante, existen diversas opciones de consultas o formularios, en los que se recaban y tratan datos de car\u00e1cter personal. Cuando para el acceso a determinados contenidos o servicios sea necesario facilitar datos de car\u00e1cter personal, los Usuarios garantizar\u00e1n su veracidad, exactitud, autenticidad y vigencia. V\u00c9RTICE cuenta con procedimientos internos para garantizar el cumplimiento de las obligaciones establecidas en el Reglamento (UE) 2016\/679 del Parlamento Europeo y del Consejo, de 27 de abril de 2016, relativo a la protecci\u00f3n de las personas f\u00edsicas en lo que respecta al tratamiento de datos personales y a la libre circulaci\u00f3n de estos datos (RGPD), as\u00ed como las previsiones de la normativa nacional aplicable en materia de protecci\u00f3n de datos. Puedes consultar toda la informaci\u00f3n sobre c\u00f3mo tratamos los datos recabados a trav\u00e9s del presente sitio web, accediendo a nuestra\u00a0<u>Pol\u00edtica de Privacidad<\/u>.<\/p>\n<ol start=\"7\">\n<li><strong>USO DE COOKIES<\/strong><\/li>\n<\/ol>\n<p>Una cookie es un fichero que se descarga en el equipo del Usuario al acceder a determinadas p\u00e1ginas web. Las cookies permiten a un sitio web, entre otras cosas, almacenar y recuperar informaci\u00f3n sobre los h\u00e1bitos de navegaci\u00f3n de un equipo y, dependiendo de la informaci\u00f3n que contengan, podr\u00edan utilizarse para reconocer al Usuario. Puedes consultar la informaci\u00f3n sobre el tipo de cookies que utilizamos, accediendo a nuestra\u00a0<u>Pol\u00edtica de Cookies<\/u>.<\/p>\n<ol start=\"8\">\n<li><strong>RESPONSABILIDADES<\/strong><\/li>\n<\/ol>\n<p>El Usuario se compromete a:<\/p>\n<ul>\n<li>Hacer un uso adecuado y l\u00edcito del sitio web, as\u00ed como de los contenidos y servicios, de conformidad con:<\/li>\n<\/ul>\n<ul>\n<li>la legislaci\u00f3n aplicable en cada momento;<\/li>\n<li>las Condiciones Generales de Uso del sitio web;<\/li>\n<li>la moral y buenas costumbres generalmente aceptadas y<\/li>\n<li>el orden p\u00fablico.<\/li>\n<\/ul>\n<ul>\n<li>Proveerse de todos los medios y requerimientos t\u00e9cnicos que se precisen para acceder al sitio web.<\/li>\n<li>Facilitar informaci\u00f3n veraz al aportar sus datos de car\u00e1cter personal a los formularios contenidos en el Sitio Web y a mantenerlos actualizados en todo momento de forma que responda, en cada momento, a la situaci\u00f3n real del Usuario. El Usuario ser\u00e1 el \u00fanico responsable de las manifestaciones falsas o inexactas que realice y de los perjuicios que cause a V\u00c9RTICE o a terceros por la informaci\u00f3n que facilite.<\/li>\n<\/ul>\n<p>El Usuario deber\u00e1 asimismo abstenerse de:<\/p>\n<ul>\n<li>Hacer un uso no autorizado o fraudulento del Sitio Web y\/o de los contenidos con fines o efectos il\u00edcitos, prohibidos en las presentes Condiciones Generales de Uso, lesivos de los derechos e intereses de terceros, o que de cualquier forma puedan da\u00f1ar, inutilizar, sobrecargar, deteriorar o impedir la normal utilizaci\u00f3n de los servicios o los documentos, archivos y toda clase de contenidos almacenados en cualquier equipo inform\u00e1tico.<\/li>\n<\/ul>\n<ul>\n<li>Provocar da\u00f1os en los sistemas f\u00edsicos o l\u00f3gicos del Sitio Web, de sus proveedores o de terceros.<\/li>\n<\/ul>\n<ul>\n<li>Introducir o difundir en la red virus inform\u00e1ticos o cualesquiera otros sistemas f\u00edsicos o l\u00f3gicos que sean susceptibles de provocar da\u00f1os en los sistemas f\u00edsicos o l\u00f3gicos de V\u00c9RTICE de sus proveedores o de terceros.<\/li>\n<\/ul>\n<ul>\n<li>Intentar acceder, utilizar y\/o manipular los datos de V\u00c9RTICE, terceros proveedores y otros Usuarios.<\/li>\n<\/ul>\n<ul>\n<li>Reproducir o copiar, distribuir, permitir el acceso del p\u00fablico a trav\u00e9s de cualquier modalidad de comunicaci\u00f3n p\u00fablica, transformar o modificar los contenidos, a menos que se cuente con la autorizaci\u00f3n del titular de los correspondientes derechos o ello resulte legalmente permitido.<\/li>\n<\/ul>\n<ul>\n<li>Suprimir, ocultar o manipular las notas sobre derechos de propiedad intelectual o industrial y dem\u00e1s datos identificativos de los derechos de V\u00c9RTICE o de terceros incorporados a los contenidos, as\u00ed como los dispositivos t\u00e9cnicos de protecci\u00f3n o cualesquiera mecanismos de informaci\u00f3n que puedan insertarse en los contenidos.<\/li>\n<\/ul>\n<p>Si para acceder a algunos de los servicios y\/o contenidos del sitio web, se generase alg\u00fan tipo de credencial o contrase\u00f1a, el Usuario se compromete a usarla de manera diligente, manteni\u00e9ndola en todo momento en secreto. En consecuencia, ser\u00e1 responsable de su adecuada custodia y confidencialidad, comprometi\u00e9ndose a no cederla a terceros, de manera temporal o permanente, ni a permitir el acceso a los mencionados servicios y\/o contenidos por parte de personas ajenas. Igualmente, se obliga a notificar a V\u00c9RTICE cualquier hecho que pueda suponer un uso indebido de su contrase\u00f1a, como, a t\u00edtulo enunciativo, su robo, extrav\u00edo o el acceso no autorizado, con el fin de proceder a su inmediata cancelaci\u00f3n. En consecuencia, mientras no efect\u00fae la notificaci\u00f3n anterior, V\u00c9RTICE quedar\u00e1 eximida de cualquier responsabilidad que pudiera derivarse del uso indebido de su contrase\u00f1a, siendo de su responsabilidad cualquier utilizaci\u00f3n il\u00edcita de los contenidos y\/o servicios del Sitio Web por cualquier tercero ileg\u00edtimo.<\/p>\n<p>V\u00c9RTICE no ser\u00e1 responsable de los perjuicios que se pudieran derivar, entre otros, de:<\/p>\n<ul>\n<li>interferencias, interrupciones, fallos, omisiones, aver\u00edas telef\u00f3nicas, retrasos, bloqueos o desconexiones en el funcionamiento del sistema electr\u00f3nico, motivadas por deficiencias, sobrecargas y errores en las l\u00edneas y redes de telecomunicaciones, o por cualquier otra causa ajena al control de V\u00c9RTICE.<\/li>\n<li>intromisiones ileg\u00edtimas mediante el uso de programas malignos de cualquier tipo y a trav\u00e9s de cualquier medio de comunicaci\u00f3n, tales como virus inform\u00e1ticos o cualesquiera otros.<\/li>\n<li>abuso indebido o inadecuado del sitio web.<\/li>\n<li>errores de seguridad o navegaci\u00f3n producidos por un mal funcionamiento del navegador o por el uso de versiones no actualizadas del mismo. Los administradores de V\u00c9RTICE se reservan el derecho de retirar, total o parcialmente, cualquier contenido o informaci\u00f3n presente en el Sitio Web.<\/li>\n<li><\/li>\n<\/ul>\n<ol start=\"9\">\n<li><strong>ATENCI\u00d3N AL USUARIO<\/strong><\/li>\n<\/ol>\n<p>El Usuario puede contactar con V\u00c9RTICE, a trav\u00e9s de las siguientes v\u00edas:<\/p>\n<ul>\n<li>Formulario de\u00a0contacto.<\/li>\n<li>Tel\u00e9fono: +34912796132, en horario de 9:00 a 18:00.<\/li>\n<li>Correo electr\u00f3nico\u00a0<a href=\"mailto:info@verticelearning.com\">info@verticelearning.com<\/a>.<\/li>\n<li><\/li>\n<\/ul>\n<ol start=\"10\">\n<li><strong>SEGURIDAD<\/strong><\/li>\n<\/ol>\n<p>V\u00c9RTICE utiliza tecnolog\u00edas adecuadas al estado de la t\u00e9cnica actual, para proteger sus datos e informaciones personales y nuestra p\u00e1gina web se almacena en servidores seguros protegidos contra los tipos de ataques m\u00e1s habituales. V\u00c9RTICE ha adoptado las medidas de \u00edndole t\u00e9cnica y organizativa que garantizan la seguridad de los datos de car\u00e1cter personal y evitan su alteraci\u00f3n, p\u00e9rdida, tratamiento o acceso no autorizado, habida cuenta del estado de la tecnolog\u00eda, la naturaleza de los datos almacenados y los riesgos a que est\u00e9n expuestos.<\/p>\n<ol start=\"11\">\n<li><strong>FUERZA MAYOR<\/strong><\/li>\n<\/ol>\n<p>V\u00c9RTICE no ser\u00e1 responsable en caso de imposibilidad de prestar el servicio, si la causa se debe a interrupciones prolongadas del suministro el\u00e9ctrico, l\u00edneas de telecomunicaciones, conflictos sociales, huelgas, rebeli\u00f3n, explosiones, inundaciones, actos y omisiones del Gobierno, y en general todos los supuestos de fuerza mayor o de caso fortuito.<\/p>\n<ol start=\"12\">\n<li><strong>PRELACI\u00d3N<\/strong><\/li>\n<\/ol>\n<p>En caso de existir discrepancia entre lo establecido en este Aviso Legal y las condiciones generales y\/o particulares de cada servicio espec\u00edfico, prevalecer\u00e1 lo dispuesto en \u00e9stas \u00faltimas.<\/p>\n<p>En el supuesto de que cualquier estipulaci\u00f3n del presente Aviso Legal resultara inexigible o nula en virtud de la legislaci\u00f3n aplicable o como consecuencia de una resoluci\u00f3n judicial o administrativa, dicha inexigibilidad o nulidad no har\u00e1 que el presente Aviso Legal resulte inexigible o nulos en su conjunto. En dichos casos, V\u00c9RTICE proceder\u00e1 a la modificaci\u00f3n o sustituci\u00f3n de dicha estipulaci\u00f3n por otra que sea v\u00e1lida y exigible y que, en la medida de lo posible, consiga el objetivo y pretensi\u00f3n reflejados en la estipulaci\u00f3n original.<\/p>\n<ol start=\"13\">\n<li><strong>MODIFICACI\u00d3N DE LAS PRESENTES CONDICIONES<\/strong><\/li>\n<\/ol>\n<p>V\u00c9RTICE se reserva el derecho de ampliar, modificar, sustituir y\/o cancelar nuestros Servicios y\/o los t\u00e9rminos del presente Aviso Legal, sin aviso previo y sin que d\u00e9 lugar a responsabilidad o indemnizaci\u00f3n alguna por parte de V\u00c9RTICE, siempre que ello no afecte a las condiciones sustanciales del servicio prestado, en cuyo caso le informaremos sobre los cambios que se hayan producido mediante email a la direcci\u00f3n de correo electr\u00f3nico proporcionada durante el registro.<\/p>\n<ol start=\"14\">\n<li><strong>RESOLUCI\u00d3N DE CONTROVERSIAS. LEY APLICABLE Y JURISDICCI\u00d3N<\/strong><\/li>\n<\/ol>\n<p>Para la resoluci\u00f3n de todas las controversias o cuestiones relacionadas con el presente sitio web o de las actividades en \u00e9l desarrolladas, ser\u00e1 de aplicaci\u00f3n la legislaci\u00f3n espa\u00f1ola, a la que se someten expresamente las partes, siendo competentes para la resoluci\u00f3n de todos los conflictos derivados o relacionados con su uso los Juzgados y Tribunales de la ciudad de M\u00e1laga, salvo que el usuario tenga la condici\u00f3n de consumidor, en cuyo caso ser\u00e1n competentes los Juzgados y Tribunales del domicilio del consumidor.<\/p>\n<p>Igualmente, las partes\u00a0podr\u00e1n someter sus conflictos a los arbitrajes previstos en la legislaci\u00f3n de arbitraje y de defensa de los consumidores y usuarios, y a los procedimientos de resoluci\u00f3n extrajudicial de conflictos que se instauren por medio de c\u00f3digos de conducta u otros instrumentos de autorregulaci\u00f3n. En este sentido, la Comisi\u00f3n Europea facilita una plataforma de resoluci\u00f3n de litigios en l\u00ednea que est\u00e1 disponible en el siguiente enlace:\u00a0<a href=\"https:\/\/ec.europa.eu\/consumers\/odr\/\">https:\/\/ec.europa.eu\/consumers\/odr\/<\/a>. Los consumidores podr\u00e1n someter sus reclamaciones a trav\u00e9s de la plataforma de resoluci\u00f3n de litigios en l\u00ednea.<\/p>\n<p>Fecha de la \u00faltima actualizaci\u00f3n: Marzo 2023<\/p>\n","protected":false},"excerpt":{"rendered":"<p>TITULAR DEL SITIO WEB En cumplimiento de lo previsto en el art\u00edculo 10 de la Ley 34\/2002, de 11 de<\/p>\n","protected":false},"author":3,"featured_media":0,"parent":0,"menu_order":0,"comment_status":"closed","ping_status":"closed","template":"","meta":{"_monsterinsights_skip_tracking":false,"_monsterinsights_sitenote_active":false,"_monsterinsights_sitenote_note":"","_monsterinsights_sitenote_category":0},"yoast_head":"<!-- This site is optimized with the Yoast SEO plugin v17.2 - https:\/\/yoast.com\/wordpress\/plugins\/seo\/ -->\n<title>Aviso Legal - V\u00c9RTICE<\/title>\n<meta name=\"robots\" content=\"index, follow, max-snippet:-1, max-image-preview:large, max-video-preview:-1\" \/>\n<link rel=\"canonical\" href=\"https:\/\/grupovertice.com\/blog\/aviso-legal\/\" \/>\n<meta property=\"og:locale\" content=\"es_ES\" \/>\n<meta property=\"og:type\" content=\"article\" \/>\n<meta property=\"og:title\" content=\"Aviso Legal - V\u00c9RTICE\" \/>\n<meta property=\"og:description\" content=\"TITULAR DEL SITIO WEB En cumplimiento de lo previsto en el art\u00edculo 10 de la Ley 34\/2002, de 11 de\" \/>\n<meta property=\"og:url\" content=\"https:\/\/grupovertice.com\/blog\/aviso-legal\/\" \/>\n<meta property=\"og:site_name\" content=\"V\u00c9RTICE\" \/>\n<meta property=\"article:modified_time\" content=\"2024-07-04T10:23:35+00:00\" \/>\n<meta name=\"twitter:card\" content=\"summary\" \/>\n<meta name=\"twitter:label1\" content=\"Tiempo de lectura\" \/>\n\t<meta name=\"twitter:data1\" content=\"15 minutos\" \/>\n<script type=\"application\/ld+json\" class=\"yoast-schema-graph\">{\"@context\":\"https:\/\/schema.org\",\"@graph\":[{\"@type\":\"WebSite\",\"@id\":\"https:\/\/grupovertice.com\/blog\/#website\",\"url\":\"https:\/\/grupovertice.com\/blog\/\",\"name\":\"V\\u00c9RTICE\",\"description\":\"BLOG DE FORMACI\\u00d3N Y EMPLEO\",\"potentialAction\":[{\"@type\":\"SearchAction\",\"target\":{\"@type\":\"EntryPoint\",\"urlTemplate\":\"https:\/\/grupovertice.com\/blog\/?s={search_term_string}\"},\"query-input\":\"required name=search_term_string\"}],\"inLanguage\":\"es\"},{\"@type\":\"WebPage\",\"@id\":\"https:\/\/grupovertice.com\/blog\/aviso-legal\/#webpage\",\"url\":\"https:\/\/grupovertice.com\/blog\/aviso-legal\/\",\"name\":\"Aviso Legal - V\\u00c9RTICE\",\"isPartOf\":{\"@id\":\"https:\/\/grupovertice.com\/blog\/#website\"},\"datePublished\":\"2015-10-21T09:31:43+00:00\",\"dateModified\":\"2024-07-04T10:23:35+00:00\",\"breadcrumb\":{\"@id\":\"https:\/\/grupovertice.com\/blog\/aviso-legal\/#breadcrumb\"},\"inLanguage\":\"es\",\"potentialAction\":[{\"@type\":\"ReadAction\",\"target\":[\"https:\/\/grupovertice.com\/blog\/aviso-legal\/\"]}]},{\"@type\":\"BreadcrumbList\",\"@id\":\"https:\/\/grupovertice.com\/blog\/aviso-legal\/#breadcrumb\",\"itemListElement\":[{\"@type\":\"ListItem\",\"position\":1,\"name\":\"Portada\",\"item\":\"https:\/\/grupovertice.com\/blog\/\"},{\"@type\":\"ListItem\",\"position\":2,\"name\":\"Aviso Legal\"}]}]}<\/script>\n<!-- \/ Yoast SEO plugin. -->","yoast_head_json":{"title":"Aviso Legal - V\u00c9RTICE","robots":{"index":"index","follow":"follow","max-snippet":"max-snippet:-1","max-image-preview":"max-image-preview:large","max-video-preview":"max-video-preview:-1"},"canonical":"https:\/\/grupovertice.com\/blog\/aviso-legal\/","og_locale":"es_ES","og_type":"article","og_title":"Aviso Legal - V\u00c9RTICE","og_description":"TITULAR DEL SITIO WEB En cumplimiento de lo previsto en el art\u00edculo 10 de la Ley 34\/2002, de 11 de","og_url":"https:\/\/grupovertice.com\/blog\/aviso-legal\/","og_site_name":"V\u00c9RTICE","article_modified_time":"2024-07-04T10:23:35+00:00","twitter_card":"summary","twitter_misc":{"Tiempo de lectura":"15 minutos"},"schema":{"@context":"https:\/\/schema.org","@graph":[{"@type":"WebSite","@id":"https:\/\/grupovertice.com\/blog\/#website","url":"https:\/\/grupovertice.com\/blog\/","name":"V\u00c9RTICE","description":"BLOG DE FORMACI\u00d3N Y EMPLEO","potentialAction":[{"@type":"SearchAction","target":{"@type":"EntryPoint","urlTemplate":"https:\/\/grupovertice.com\/blog\/?s={search_term_string}"},"query-input":"required name=search_term_string"}],"inLanguage":"es"},{"@type":"WebPage","@id":"https:\/\/grupovertice.com\/blog\/aviso-legal\/#webpage","url":"https:\/\/grupovertice.com\/blog\/aviso-legal\/","name":"Aviso Legal - V\u00c9RTICE","isPartOf":{"@id":"https:\/\/grupovertice.com\/blog\/#website"},"datePublished":"2015-10-21T09:31:43+00:00","dateModified":"2024-07-04T10:23:35+00:00","breadcrumb":{"@id":"https:\/\/grupovertice.com\/blog\/aviso-legal\/#breadcrumb"},"inLanguage":"es","potentialAction":[{"@type":"ReadAction","target":["https:\/\/grupovertice.com\/blog\/aviso-legal\/"]}]},{"@type":"BreadcrumbList","@id":"https:\/\/grupovertice.com\/blog\/aviso-legal\/#breadcrumb","itemListElement":[{"@type":"ListItem","position":1,"name":"Portada","item":"https:\/\/grupovertice.com\/blog\/"},{"@type":"ListItem","position":2,"name":"Aviso Legal"}]}]}},"_links":{"self":[{"href":"https:\/\/grupovertice.com\/blog\/wp-json\/wp\/v2\/pages\/2517"}],"collection":[{"href":"https:\/\/grupovertice.com\/blog\/wp-json\/wp\/v2\/pages"}],"about":[{"href":"https:\/\/grupovertice.com\/blog\/wp-json\/wp\/v2\/types\/page"}],"author":[{"embeddable":true,"href":"https:\/\/grupovertice.com\/blog\/wp-json\/wp\/v2\/users\/3"}],"replies":[{"embeddable":true,"href":"https:\/\/grupovertice.com\/blog\/wp-json\/wp\/v2\/comments?post=2517"}],"version-history":[{"count":9,"href":"https:\/\/grupovertice.com\/blog\/wp-json\/wp\/v2\/pages\/2517\/revisions"}],"predecessor-version":[{"id":8951,"href":"https:\/\/grupovertice.com\/blog\/wp-json\/wp\/v2\/pages\/2517\/revisions\/8951"}],"wp:attachment":[{"href":"https:\/\/grupovertice.com\/blog\/wp-json\/wp\/v2\/media?parent=2517"}],"curies":[{"name":"wp","href":"https:\/\/api.w.org\/{rel}","templated":true}]}}