{"id":2515,"date":"2015-10-21T09:31:32","date_gmt":"2015-10-21T09:31:32","guid":{"rendered":"http:\/\/www.vertice.org\/blog\/?page_id=2515"},"modified":"2018-05-22T07:07:39","modified_gmt":"2018-05-22T07:07:39","slug":"contacto","status":"publish","type":"page","link":"https:\/\/grupovertice.com\/blog\/contacto\/","title":{"rendered":"Contacto"},"content":{"rendered":"<p><strong>Consultanos<\/strong> si necesitas m\u00e1s informaci\u00f3n o est\u00e1s interesado en cualquiera de nuestros productos. Recuerda que <strong>a tu derecha tienes m\u00e1s opciones de contactar con V\u00e9rtice<\/strong> a trav\u00e9s de las redes.<\/p>\n<div role=\"form\" class=\"wpcf7\" id=\"wpcf7-f3824-o1\" lang=\"es-ES\" dir=\"ltr\">\n<div class=\"screen-reader-response\"><p role=\"status\" aria-live=\"polite\" aria-atomic=\"true\"><\/p> <ul><\/ul><\/div>\n<form action=\"\/blog\/wp-json\/wp\/v2\/pages\/2515#wpcf7-f3824-o1\" method=\"post\" class=\"wpcf7-form init\" novalidate=\"novalidate\" data-status=\"init\">\n<div style=\"display: none;\">\n<input type=\"hidden\" name=\"_wpcf7\" value=\"3824\" \/>\n<input type=\"hidden\" name=\"_wpcf7_version\" value=\"5.4.2\" \/>\n<input type=\"hidden\" name=\"_wpcf7_locale\" value=\"es_ES\" \/>\n<input type=\"hidden\" name=\"_wpcf7_unit_tag\" value=\"wpcf7-f3824-o1\" \/>\n<input type=\"hidden\" name=\"_wpcf7_container_post\" value=\"0\" \/>\n<input type=\"hidden\" name=\"_wpcf7_posted_data_hash\" value=\"\" \/>\n<\/div>\n<p><label> Nombre (requerido)<br \/>\n    <span class=\"wpcf7-form-control-wrap your-name\"><input type=\"text\" name=\"your-name\" value=\"\" size=\"40\" class=\"wpcf7-form-control wpcf7-text wpcf7-validates-as-required\" aria-required=\"true\" aria-invalid=\"false\" \/><\/span> <\/label><\/p>\n<p><label> Tu correo electr\u00f3nico (requerido)<br \/>\n    <span class=\"wpcf7-form-control-wrap your-email\"><input type=\"email\" name=\"your-email\" value=\"\" size=\"40\" class=\"wpcf7-form-control wpcf7-text wpcf7-email wpcf7-validates-as-required wpcf7-validates-as-email\" aria-required=\"true\" aria-invalid=\"false\" \/><\/span> <\/label><\/p>\n<p><label> Asunto<br \/>\n    <span class=\"wpcf7-form-control-wrap your-subject\"><input type=\"text\" name=\"your-subject\" value=\"\" size=\"40\" class=\"wpcf7-form-control wpcf7-text\" aria-invalid=\"false\" \/><\/span> <\/label><\/p>\n<p><label> Mensaje<br \/>\n    <span class=\"wpcf7-form-control-wrap your-message\"><textarea name=\"your-message\" cols=\"40\" rows=\"10\" class=\"wpcf7-form-control wpcf7-textarea\" aria-invalid=\"false\"><\/textarea><\/span> <\/label><\/p>\n<p><span class=\"wpcf7-form-control-wrap checkbox-201\"><span class=\"wpcf7-form-control wpcf7-checkbox wpcf7-validates-as-required\"><span class=\"wpcf7-list-item first last\"><input type=\"checkbox\" name=\"checkbox-201[]\" value=\"He le\u00eddo y acepto la\" \/><span class=\"wpcf7-list-item-label\">He le\u00eddo y acepto la<\/span><\/span><\/span><\/span> <a href=\"\/blog\/politica-proteccion\/\">Pol\u00edtica de Privacidad<\/a><\/p>\n<p><input type=\"submit\" value=\"Enviar\" class=\"wpcf7-form-control wpcf7-submit\" \/><\/p>\n<div class=\"wpcf7-response-output\" aria-hidden=\"true\"><\/div><\/form><\/div>\n<p><small style=\"color: #9a9a9a; font-size: 10px; line-height: 1.5em; display: block;\">Finalidades: Responder a sus solicitudes y remitirle informaci\u00f3n comercial de nuestros productos y servicios por distintos medios de comunicaci\u00f3n.<br \/>\nLegitimaci\u00f3n: Consentimiento del interesado. Destinatarios: En el caso de convertirse en alumnos a entidades financieras, organismos p\u00fablicos\/privados relacionados<br \/>\ncon la formaci\u00f3n y otras entidades necesarias para la ejecuci\u00f3n del servicio. Derechos: Puede retirar su consentimiento en cualquier momento, as\u00ed como acceder, rectificar,<br \/>\nsuprimir sus datos y dem\u00e1s derechos solicitando la baja del servicio conforme a lo establecido en la <a style=\"color: #9a9a9a; font-size: 10px;\" href=\"lopd.html\" target=\"_blank\" rel=\"noopener\">Pol\u00edtica<br \/>\nde Privacidad de Datos<\/a><\/small><\/p>\n<p>C\/ Conde Duque, 6<br \/>\n28015 MADRID<\/p>\n<p>C\/ Hilera, 14<br \/>\n29007 M\u00c1LAGA<\/p>\n<p>Tlf. Espa\u00f1a: 902 904 600<br \/>\nTlf. Internacional:(+34) 952 040 533<\/p>\n<p><span style=\"padding-top: 14px;\">\u00a0<\/span><\/p>\n","protected":false},"excerpt":{"rendered":"<p>Consultanos si necesitas m\u00e1s informaci\u00f3n o est\u00e1s interesado en cualquiera de nuestros productos. Recuerda que a tu derecha tienes m\u00e1s<\/p>\n","protected":false},"author":3,"featured_media":0,"parent":0,"menu_order":0,"comment_status":"closed","ping_status":"closed","template":"","meta":{"_monsterinsights_skip_tracking":false,"_monsterinsights_sitenote_active":false,"_monsterinsights_sitenote_note":"","_monsterinsights_sitenote_category":0},"yoast_head":"<!-- This site is optimized with the Yoast SEO plugin v17.2 - https:\/\/yoast.com\/wordpress\/plugins\/seo\/ -->\n<title>Contacto - V\u00c9RTICE<\/title>\n<meta name=\"robots\" content=\"index, follow, max-snippet:-1, max-image-preview:large, max-video-preview:-1\" \/>\n<link rel=\"canonical\" href=\"https:\/\/grupovertice.com\/blog\/contacto\/\" \/>\n<meta property=\"og:locale\" content=\"es_ES\" \/>\n<meta property=\"og:type\" content=\"article\" \/>\n<meta property=\"og:title\" content=\"Contacto - V\u00c9RTICE\" \/>\n<meta property=\"og:description\" content=\"Consultanos si necesitas m\u00e1s informaci\u00f3n o est\u00e1s interesado en cualquiera de nuestros productos. Recuerda que a tu derecha tienes m\u00e1s\" \/>\n<meta property=\"og:url\" content=\"https:\/\/grupovertice.com\/blog\/contacto\/\" \/>\n<meta property=\"og:site_name\" content=\"V\u00c9RTICE\" \/>\n<meta property=\"article:modified_time\" content=\"2018-05-22T07:07:39+00:00\" \/>\n<meta name=\"twitter:card\" content=\"summary\" \/>\n<meta name=\"twitter:label1\" content=\"Tiempo de lectura\" \/>\n\t<meta name=\"twitter:data1\" content=\"1 minuto\" \/>\n<script type=\"application\/ld+json\" class=\"yoast-schema-graph\">{\"@context\":\"https:\/\/schema.org\",\"@graph\":[{\"@type\":\"WebSite\",\"@id\":\"https:\/\/grupovertice.com\/blog\/#website\",\"url\":\"https:\/\/grupovertice.com\/blog\/\",\"name\":\"V\\u00c9RTICE\",\"description\":\"BLOG DE FORMACI\\u00d3N Y EMPLEO\",\"potentialAction\":[{\"@type\":\"SearchAction\",\"target\":{\"@type\":\"EntryPoint\",\"urlTemplate\":\"https:\/\/grupovertice.com\/blog\/?s={search_term_string}\"},\"query-input\":\"required name=search_term_string\"}],\"inLanguage\":\"es\"},{\"@type\":\"WebPage\",\"@id\":\"https:\/\/grupovertice.com\/blog\/contacto\/#webpage\",\"url\":\"https:\/\/grupovertice.com\/blog\/contacto\/\",\"name\":\"Contacto - V\\u00c9RTICE\",\"isPartOf\":{\"@id\":\"https:\/\/grupovertice.com\/blog\/#website\"},\"datePublished\":\"2015-10-21T09:31:32+00:00\",\"dateModified\":\"2018-05-22T07:07:39+00:00\",\"breadcrumb\":{\"@id\":\"https:\/\/grupovertice.com\/blog\/contacto\/#breadcrumb\"},\"inLanguage\":\"es\",\"potentialAction\":[{\"@type\":\"ReadAction\",\"target\":[\"https:\/\/grupovertice.com\/blog\/contacto\/\"]}]},{\"@type\":\"BreadcrumbList\",\"@id\":\"https:\/\/grupovertice.com\/blog\/contacto\/#breadcrumb\",\"itemListElement\":[{\"@type\":\"ListItem\",\"position\":1,\"name\":\"Portada\",\"item\":\"https:\/\/grupovertice.com\/blog\/\"},{\"@type\":\"ListItem\",\"position\":2,\"name\":\"Contacto\"}]}]}<\/script>\n<!-- \/ Yoast SEO plugin. -->","yoast_head_json":{"title":"Contacto - V\u00c9RTICE","robots":{"index":"index","follow":"follow","max-snippet":"max-snippet:-1","max-image-preview":"max-image-preview:large","max-video-preview":"max-video-preview:-1"},"canonical":"https:\/\/grupovertice.com\/blog\/contacto\/","og_locale":"es_ES","og_type":"article","og_title":"Contacto - V\u00c9RTICE","og_description":"Consultanos si necesitas m\u00e1s informaci\u00f3n o est\u00e1s interesado en cualquiera de nuestros productos. Recuerda que a tu derecha tienes m\u00e1s","og_url":"https:\/\/grupovertice.com\/blog\/contacto\/","og_site_name":"V\u00c9RTICE","article_modified_time":"2018-05-22T07:07:39+00:00","twitter_card":"summary","twitter_misc":{"Tiempo de lectura":"1 minuto"},"schema":{"@context":"https:\/\/schema.org","@graph":[{"@type":"WebSite","@id":"https:\/\/grupovertice.com\/blog\/#website","url":"https:\/\/grupovertice.com\/blog\/","name":"V\u00c9RTICE","description":"BLOG DE FORMACI\u00d3N Y EMPLEO","potentialAction":[{"@type":"SearchAction","target":{"@type":"EntryPoint","urlTemplate":"https:\/\/grupovertice.com\/blog\/?s={search_term_string}"},"query-input":"required name=search_term_string"}],"inLanguage":"es"},{"@type":"WebPage","@id":"https:\/\/grupovertice.com\/blog\/contacto\/#webpage","url":"https:\/\/grupovertice.com\/blog\/contacto\/","name":"Contacto - V\u00c9RTICE","isPartOf":{"@id":"https:\/\/grupovertice.com\/blog\/#website"},"datePublished":"2015-10-21T09:31:32+00:00","dateModified":"2018-05-22T07:07:39+00:00","breadcrumb":{"@id":"https:\/\/grupovertice.com\/blog\/contacto\/#breadcrumb"},"inLanguage":"es","potentialAction":[{"@type":"ReadAction","target":["https:\/\/grupovertice.com\/blog\/contacto\/"]}]},{"@type":"BreadcrumbList","@id":"https:\/\/grupovertice.com\/blog\/contacto\/#breadcrumb","itemListElement":[{"@type":"ListItem","position":1,"name":"Portada","item":"https:\/\/grupovertice.com\/blog\/"},{"@type":"ListItem","position":2,"name":"Contacto"}]}]}},"_links":{"self":[{"href":"https:\/\/grupovertice.com\/blog\/wp-json\/wp\/v2\/pages\/2515"}],"collection":[{"href":"https:\/\/grupovertice.com\/blog\/wp-json\/wp\/v2\/pages"}],"about":[{"href":"https:\/\/grupovertice.com\/blog\/wp-json\/wp\/v2\/types\/page"}],"author":[{"embeddable":true,"href":"https:\/\/grupovertice.com\/blog\/wp-json\/wp\/v2\/users\/3"}],"replies":[{"embeddable":true,"href":"https:\/\/grupovertice.com\/blog\/wp-json\/wp\/v2\/comments?post=2515"}],"version-history":[{"count":11,"href":"https:\/\/grupovertice.com\/blog\/wp-json\/wp\/v2\/pages\/2515\/revisions"}],"predecessor-version":[{"id":4673,"href":"https:\/\/grupovertice.com\/blog\/wp-json\/wp\/v2\/pages\/2515\/revisions\/4673"}],"wp:attachment":[{"href":"https:\/\/grupovertice.com\/blog\/wp-json\/wp\/v2\/media?parent=2515"}],"curies":[{"name":"wp","href":"https:\/\/api.w.org\/{rel}","templated":true}]}}