{"id":2376,"date":"2015-10-13T09:36:46","date_gmt":"2015-10-13T09:36:46","guid":{"rendered":"http:\/\/www.vertice.org\/blog\/?page_id=2376"},"modified":"2015-10-16T07:43:37","modified_gmt":"2015-10-16T07:43:37","slug":"servicios-a-empresas","status":"publish","type":"page","link":"https:\/\/grupovertice.com\/blog\/servicios-a-empresas\/","title":{"rendered":"Servicios a empresas"},"content":{"rendered":"<p><strong>e-Learning<\/strong><\/p>\n<p>A trav\u00e9s de nuestra marca V\u00e9rtice e-Learning, trabajamos con una orientaci\u00f3n total hacia nuestros clientes y sus necesidades, y convertimos el e-learning en algo sencillo y accesible para ellos. Hemos ido construyendo nuestros servicios durante todos esos a\u00f1os, adapt\u00e1ndonos a las nuevas posibilidades en materia de comunicaciones y tecnolog\u00eda, y a la vez testando nuestros productos con los miles de alumnos que hemos formado, para ofrecer soluciones que realmente faciliten los procesos formativos de empresas y organizaciones.<\/p>\n<p>Hemos desarrollado una gran variedad de proyectos de consultor\u00eda, creado plataformas e-learning, contenidos interactivos multimedia, sistemas de gesti\u00f3n de la formaci\u00f3n, dado soporte t\u00e9cnico, y en definitiva, hemos trabajado todos los aspectos que intervienen en la formaci\u00f3n online. Toda esta experiencia, la reportamos cada d\u00eda en dar el mejor servicio a nuestros clientes.<\/p>\n<p><strong>Libros Formativos<\/strong><\/p>\n<p>V\u00e9rtice Books es una distribuidora especializada en la venta de libros de formaci\u00f3n y m\u00e1s concretamente en certificados de profesionalidad. Ofrecemos a empresas y particulares un amplio cat\u00e1logo de 1.000 libros profesionales adaptados profesionalmente para la formaci\u00f3n, con ejercicios pr\u00e1ticos, ideas clave y evaluaciones.<\/p>\n<p>Nuestros libros est\u00e1n elaborados con un lenguaje f\u00e1cil y una did\u00e1ctica asequible, y est\u00e1n complementados con ejercicios, res\u00famenes y evaluaciones lo cual permite que todo el proceso de aprendizaje sea m\u00e1s din\u00e1mico.<\/p>\n<p>V\u00e9rtice Books personaliza los libros en sus portadas con el dise\u00f1o solicitado por cada cliente y produce, bajo demanda, el n\u00famero de unidades en requerido.<\/p>\n<p><strong>Agrupaci\u00f3n V\u00e9rtice<\/strong><\/p>\n<p>Agrupaci\u00f3n V\u00e9rtice es una red de m\u00e1s de 600 centros de Formaci\u00f3n distribuidos en todo el territorio nacional que comparten sinergia en el campo de la formaci\u00f3n y el empleo.<\/p>\n<p>Servicios de Agrupaci\u00f3n V\u00e9rtice:<\/p>\n<ul>\n<li>Impartir a tus alumnos en Teleformaci\u00f3n los m\u00e1s de 926 cursos de especializaci\u00f3n de V\u00e9rtice, con t\u00edtulos de la Universidad Rey Juan Carlos de Madrid y cr\u00e9ditos ECTS.<\/li>\n<li>Disponer de 200 cursos Online en Tarifa Plana para el desarrollo de la estrategia de formaci\u00f3n online.<\/li>\n<li>Acreditar tu empresa gratis en Certificados de Profesionalidad Online con los contenidos y plataforma de V\u00e9rtice, as\u00ed como utilizar los libros en tus cursos presenciales con importantes descuentos.<\/li>\n<li>Hacer formaci\u00f3n de demanda programada utilizando la plataforma, contenidos y metodolog\u00eda de V\u00e9rtice.<\/li>\n<li>Participar en los Contratos para la Formaci\u00f3n y el Aprendizaje con los contenidos de certificados de profesionalidad desarrollados y\/o impartidos por V\u00e9rtice.<\/li>\n<li>Hacer intermediaci\u00f3n laboral\u00a0acredit\u00e1ndote\u00a0como agencia privada de colocaci\u00f3n local mediante la marca de V\u00e9rtice empleoyempresa.com,\u00a0y participando en el Acuerdo Marco Nacional en la orientaci\u00f3n y recualificaci\u00f3n de personas.<\/li>\n<li>Realizar cursos de Acceso a formaci\u00f3n reglada, mayores de 25 y 45 a\u00f1os, a Ciclos de Grado Superior, Graduado en Secundaria y oposiciones mediante clases por videoconferencias y complementadas con clases presenciales.<\/li>\n<li>Alquilar tus aulas\u00a0para impartir nuestros cursos presenciales de los planes de formaci\u00f3n estatal y auton\u00f3mica, as\u00ed como impartir las tutor\u00edas presenciales de los certificados de profesionalidad.<\/li>\n<\/ul>\n<p>&nbsp;<\/p>\n<p><strong>Certificados de Profesionalidad<\/strong><\/p>\n<p>V\u00e9rtice ofrece a centros de formaci\u00f3n y empresas iniciarse en la impartici\u00f3n de Certificados de Profesionalidad Online de una forma segura, escalable y con calidad. Puedes elegir qu\u00e9 forma se adapta mejor a las necesidades y expectativas de tu entidad.<\/p>\n<ul>\n<li><strong>Usando nuestra plataforma (Campus V\u00e9rtice, personalizado a imagen del cliente):<\/strong>Servicio dirigido a centros o entidades de formaci\u00f3n que quieran impartir la formaci\u00f3n en la plataforma Campus V\u00e9rtice, validada por el SEPE, y con los contenidos interactivos, actividades y evaluaciones de V\u00e9rtice, tambi\u00e9n validados por el SEPE (100{77afc9efaf1e088110fdf21acc2f61167a0e1e0fd7207170e17906c001b8cd31} de la acreditaci\u00f3n)<\/li>\n<\/ul>\n<ul>\n<li><strong>Usando tu propia plataforma: <\/strong>Servicio dirigido a centros y entidades de formaci\u00f3n que tengan una plataforma de teleformaci\u00f3n v\u00e1lida por el SEPE para impartir Certificados de Profesionalidad Online y pretendan impartirlo con los contenidos interactivos de V\u00e9rtice (55{77afc9efaf1e088110fdf21acc2f61167a0e1e0fd7207170e17906c001b8cd31}) y las actividades y evaluaciones propias (45{77afc9efaf1e088110fdf21acc2f61167a0e1e0fd7207170e17906c001b8cd31}).<\/li>\n<\/ul>\n<ul>\n<li><strong>Siendo nuestro partner: <\/strong>Acuerdos especiales para entidades con amplia experiencia en formaci\u00f3n online, solvencia econ\u00f3mica y volumen alto de consumo de Certificados de Profesionalidad.<\/li>\n<\/ul>\n<ul>\n<li><strong>Eligiendo a V\u00e9rtice como impartidor: <\/strong>Servicio dirigido a empresas y centros que no quieran acreditarse en el SEPE como centro impartidor y quieran ofrecerle a sus clientes una formaci\u00f3n de calidad en materia de Certificados de Profesionalidad Online. Ponemos a disposici\u00f3n de estos la impartici\u00f3n de los Certificados acreditados de V\u00e9rtice.<\/li>\n<\/ul>\n","protected":false},"excerpt":{"rendered":"<p>e-Learning A trav\u00e9s de nuestra marca V\u00e9rtice e-Learning, trabajamos con una orientaci\u00f3n total hacia nuestros clientes y sus necesidades, y<\/p>\n","protected":false},"author":3,"featured_media":0,"parent":0,"menu_order":0,"comment_status":"closed","ping_status":"closed","template":"","meta":{"_monsterinsights_skip_tracking":false,"_monsterinsights_sitenote_active":false,"_monsterinsights_sitenote_note":"","_monsterinsights_sitenote_category":0},"yoast_head":"<!-- This site is optimized with the Yoast SEO plugin v17.2 - https:\/\/yoast.com\/wordpress\/plugins\/seo\/ -->\n<title>Servicios a empresas - V\u00c9RTICE<\/title>\n<meta name=\"robots\" content=\"index, follow, max-snippet:-1, max-image-preview:large, max-video-preview:-1\" \/>\n<link rel=\"canonical\" href=\"https:\/\/grupovertice.com\/blog\/servicios-a-empresas\/\" \/>\n<meta property=\"og:locale\" content=\"es_ES\" \/>\n<meta property=\"og:type\" content=\"article\" \/>\n<meta property=\"og:title\" content=\"Servicios a empresas - V\u00c9RTICE\" \/>\n<meta property=\"og:description\" content=\"e-Learning A trav\u00e9s de nuestra marca V\u00e9rtice e-Learning, trabajamos con una orientaci\u00f3n total hacia nuestros clientes y sus necesidades, y\" \/>\n<meta property=\"og:url\" content=\"https:\/\/grupovertice.com\/blog\/servicios-a-empresas\/\" \/>\n<meta property=\"og:site_name\" content=\"V\u00c9RTICE\" \/>\n<meta property=\"article:modified_time\" content=\"2015-10-16T07:43:37+00:00\" \/>\n<meta name=\"twitter:card\" content=\"summary\" \/>\n<meta name=\"twitter:label1\" content=\"Tiempo de lectura\" \/>\n\t<meta name=\"twitter:data1\" content=\"4 minutos\" \/>\n<script type=\"application\/ld+json\" class=\"yoast-schema-graph\">{\"@context\":\"https:\/\/schema.org\",\"@graph\":[{\"@type\":\"WebSite\",\"@id\":\"https:\/\/grupovertice.com\/blog\/#website\",\"url\":\"https:\/\/grupovertice.com\/blog\/\",\"name\":\"V\\u00c9RTICE\",\"description\":\"BLOG DE FORMACI\\u00d3N Y EMPLEO\",\"potentialAction\":[{\"@type\":\"SearchAction\",\"target\":{\"@type\":\"EntryPoint\",\"urlTemplate\":\"https:\/\/grupovertice.com\/blog\/?s={search_term_string}\"},\"query-input\":\"required name=search_term_string\"}],\"inLanguage\":\"es\"},{\"@type\":\"WebPage\",\"@id\":\"https:\/\/grupovertice.com\/blog\/servicios-a-empresas\/#webpage\",\"url\":\"https:\/\/grupovertice.com\/blog\/servicios-a-empresas\/\",\"name\":\"Servicios a empresas - V\\u00c9RTICE\",\"isPartOf\":{\"@id\":\"https:\/\/grupovertice.com\/blog\/#website\"},\"datePublished\":\"2015-10-13T09:36:46+00:00\",\"dateModified\":\"2015-10-16T07:43:37+00:00\",\"breadcrumb\":{\"@id\":\"https:\/\/grupovertice.com\/blog\/servicios-a-empresas\/#breadcrumb\"},\"inLanguage\":\"es\",\"potentialAction\":[{\"@type\":\"ReadAction\",\"target\":[\"https:\/\/grupovertice.com\/blog\/servicios-a-empresas\/\"]}]},{\"@type\":\"BreadcrumbList\",\"@id\":\"https:\/\/grupovertice.com\/blog\/servicios-a-empresas\/#breadcrumb\",\"itemListElement\":[{\"@type\":\"ListItem\",\"position\":1,\"name\":\"Portada\",\"item\":\"https:\/\/grupovertice.com\/blog\/\"},{\"@type\":\"ListItem\",\"position\":2,\"name\":\"Servicios a empresas\"}]}]}<\/script>\n<!-- \/ Yoast SEO plugin. -->","yoast_head_json":{"title":"Servicios a empresas - V\u00c9RTICE","robots":{"index":"index","follow":"follow","max-snippet":"max-snippet:-1","max-image-preview":"max-image-preview:large","max-video-preview":"max-video-preview:-1"},"canonical":"https:\/\/grupovertice.com\/blog\/servicios-a-empresas\/","og_locale":"es_ES","og_type":"article","og_title":"Servicios a empresas - V\u00c9RTICE","og_description":"e-Learning A trav\u00e9s de nuestra marca V\u00e9rtice e-Learning, trabajamos con una orientaci\u00f3n total hacia nuestros clientes y sus necesidades, y","og_url":"https:\/\/grupovertice.com\/blog\/servicios-a-empresas\/","og_site_name":"V\u00c9RTICE","article_modified_time":"2015-10-16T07:43:37+00:00","twitter_card":"summary","twitter_misc":{"Tiempo de lectura":"4 minutos"},"schema":{"@context":"https:\/\/schema.org","@graph":[{"@type":"WebSite","@id":"https:\/\/grupovertice.com\/blog\/#website","url":"https:\/\/grupovertice.com\/blog\/","name":"V\u00c9RTICE","description":"BLOG DE FORMACI\u00d3N Y EMPLEO","potentialAction":[{"@type":"SearchAction","target":{"@type":"EntryPoint","urlTemplate":"https:\/\/grupovertice.com\/blog\/?s={search_term_string}"},"query-input":"required name=search_term_string"}],"inLanguage":"es"},{"@type":"WebPage","@id":"https:\/\/grupovertice.com\/blog\/servicios-a-empresas\/#webpage","url":"https:\/\/grupovertice.com\/blog\/servicios-a-empresas\/","name":"Servicios a empresas - V\u00c9RTICE","isPartOf":{"@id":"https:\/\/grupovertice.com\/blog\/#website"},"datePublished":"2015-10-13T09:36:46+00:00","dateModified":"2015-10-16T07:43:37+00:00","breadcrumb":{"@id":"https:\/\/grupovertice.com\/blog\/servicios-a-empresas\/#breadcrumb"},"inLanguage":"es","potentialAction":[{"@type":"ReadAction","target":["https:\/\/grupovertice.com\/blog\/servicios-a-empresas\/"]}]},{"@type":"BreadcrumbList","@id":"https:\/\/grupovertice.com\/blog\/servicios-a-empresas\/#breadcrumb","itemListElement":[{"@type":"ListItem","position":1,"name":"Portada","item":"https:\/\/grupovertice.com\/blog\/"},{"@type":"ListItem","position":2,"name":"Servicios a empresas"}]}]}},"_links":{"self":[{"href":"https:\/\/grupovertice.com\/blog\/wp-json\/wp\/v2\/pages\/2376"}],"collection":[{"href":"https:\/\/grupovertice.com\/blog\/wp-json\/wp\/v2\/pages"}],"about":[{"href":"https:\/\/grupovertice.com\/blog\/wp-json\/wp\/v2\/types\/page"}],"author":[{"embeddable":true,"href":"https:\/\/grupovertice.com\/blog\/wp-json\/wp\/v2\/users\/3"}],"replies":[{"embeddable":true,"href":"https:\/\/grupovertice.com\/blog\/wp-json\/wp\/v2\/comments?post=2376"}],"version-history":[{"count":3,"href":"https:\/\/grupovertice.com\/blog\/wp-json\/wp\/v2\/pages\/2376\/revisions"}],"predecessor-version":[{"id":2412,"href":"https:\/\/grupovertice.com\/blog\/wp-json\/wp\/v2\/pages\/2376\/revisions\/2412"}],"wp:attachment":[{"href":"https:\/\/grupovertice.com\/blog\/wp-json\/wp\/v2\/media?parent=2376"}],"curies":[{"name":"wp","href":"https:\/\/api.w.org\/{rel}","templated":true}]}}