{"id":2374,"date":"2015-10-13T09:35:46","date_gmt":"2015-10-13T09:35:46","guid":{"rendered":"http:\/\/www.vertice.org\/blog\/?page_id=2374"},"modified":"2015-10-16T07:59:36","modified_gmt":"2015-10-16T07:59:36","slug":"nuestra-formacion","status":"publish","type":"page","link":"https:\/\/grupovertice.com\/blog\/nuestra-formacion\/","title":{"rendered":"Nuestra Formaci\u00f3n"},"content":{"rendered":"<p><strong>Formaci\u00f3n de Posgrado<\/strong><\/p>\n<p>V\u00e9rtice Business School inicia su andadura en el\u00a0<strong>a\u00f1o 1998<\/strong>\u00a0con la impartici\u00f3n de un M\u00e1ster online en Administraci\u00f3n y Direcci\u00f3n de Empresas, a trav\u00e9s de la primera versi\u00f3n de nuestro campus virtual y con las limitaciones que por aquel entonces ten\u00edan las tecnolog\u00edas de la comunicaci\u00f3n.<\/p>\n<p>En todos estos a\u00f1os de experiencia en formaci\u00f3n online han sido\u00a0<strong>muchas las versiones<\/strong>\u00a0de aquel primer campus, e innumerables los avances que se han ido produciendo en nuestra metodolog\u00eda, la mayor\u00eda de ellos basados siempre en las mejoras\u00a0<strong>que los alumnos y profesores propon\u00edan<\/strong>\u00a0y que las tecnolog\u00edas de cada momento pod\u00edan soportar.<\/p>\n<p>Hemos pasado de impartir un programa a m\u00e1s de cien; de cinco profesores a m\u00e1s de doscientos; y de veinte alumnos a m\u00e1s de mil. De una metodolog\u00eda inicial a distancia con apoyo online, a nuestra <strong>actual metodolog\u00eda ONROOM<\/strong>\u00a0de \u201c<em>Est\u00e1s en casa, est\u00e1s en clase<\/em>\u201c, en la que se aplican las mejores pr\u00e1cticas de la formaci\u00f3n presencial y todas las ventajas del online.<\/p>\n<p>A trav\u00e9s de nuestra Fundaci\u00f3n V\u00e9rtice Emprende tenemos acuerdos firmados con varias Universidades, para la titulaci\u00f3n de nuestros programas y cursos, otorg\u00e1ndole los correspondientes cr\u00e9ditos ECTS a cada uno en funci\u00f3n de la duraci\u00f3n del mismo.<\/p>\n<p>Actualmente contamos con un Programa Formativo de 23 M\u00e1steres y 64 Cursos Superiores.<\/p>\n<p><strong>Cursos de Especializaci\u00f3n<\/strong><\/p>\n<p>V\u00e9rtice Training\u00a0es un centro de formaci\u00f3n orientado a las empresas y las instituciones y dirigida a los profesionales que trabajan o quieren trabajar en ellas.<\/p>\n<p>Impartimos formaci\u00f3n en las modalidades\u00a0<strong>presencial, semi presencial y online<\/strong>; habiendo evolucionado mucho en los \u00faltimos a\u00f1os esta \u00faltima modalidad, hasta llegar a nuestra actual metodolog\u00eda\u00a0ONROOM, basada en la presencia virtual a trav\u00e9s de\u00a0videoconferencias\u00a0y donde hacemos que se desplacen los conocimientos y no las personas.<\/p>\n<p>Gracias a nuestra\u00a0metodolog\u00eda ONROOM\u00a0y a nuestro\u00a0<strong>Campus V\u00e9rtice<\/strong>, llevamos los mejores profesores y profesionales a impartir clases en directo a alumnos de cualquier rinc\u00f3n del mundo, en un modelo de formaci\u00f3n que a\u00fana lo mejor de la formaci\u00f3n presencial y lo mejor de la formaci\u00f3n online. Todo ello con una important\u00edsima reducci\u00f3n de costes y sin incomodidades de desplazamientos de los alumnos y profesores.<\/p>\n<p>Hacemos <strong>planes a medida para formar los recursos humanos de grandes empresas y administraciones p\u00fablicas<\/strong>, para cubrir las necesidades espec\u00edficas que puedan tener, desarrollando la formaci\u00f3n presencial que sea necesaria en sus propias instalaciones o en las aulas de nuestra amplia red de m\u00e1s de quinientos centros colaboradores en toda Espa\u00f1a.<\/p>\n<p>Actualmente contamos con un cat\u00e1logo de <strong>926 Cursos de Especializaci\u00f3n<\/strong> en la modalidad Online.<\/p>\n<p><strong>Certificados de Profesionalidad<\/strong><\/p>\n<p>Los Certificados de Profesionalidad son las nuevas titulaciones que rigen en el mercado laboral espa\u00f1ol, y son similares a las del resto de pa\u00edses de la Uni\u00f3n Europea. En total son m\u00e1s de <strong>600 Certificados de Profesionalidad<\/strong> agrupados en \u00e1reas tem\u00e1ticas y cada uno consta de varios m\u00f3dulos formativos y estos a su vez de varias unidades formativas.<\/p>\n<p>Aproximadamente, la mitad de los Certificados son en modalidad Online y los restantes son en modalidad presencial.<\/p>\n<p>El Ministerio de Trabajo expide las titulaciones de los Certificados de Profesionalidad que son impartidos por las entidades autorizadas, lo pueden obtener haci\u00e9ndolo de forma global o acumulando parcialmente unidades formativas y m\u00f3dulos.<\/p>\n<p>V\u00e9rtice tiene desarrollados <strong>104 Certificados de Profesionalidad en la modalidad Online<\/strong> con contenidos interactivos, actividades, evaluaciones y v\u00eddeos did\u00e1cticos acorde a la normativa vigente para que puedan ser acreditados por las entidades de formaci\u00f3n ante el Servicio P\u00fablico de Empleo.<\/p>\n<p><strong>Formaci\u00f3n Reglada &#8211; Academia Online<\/strong><\/p>\n<p>En V\u00e9rtice hemos desarrollado una versi\u00f3n digital, innovadora y pr\u00e1ctica de la academia tradicional. Un lugar donde los alumnos sin necesidad de desplazamientos asisten a clase en un campus virtual a trav\u00e9s de videoconferencias y con la inestimable ayuda de las pizarras digitales.<\/p>\n<p>Ofrecemos a nuestros alumnos:<\/p>\n<ul>\n<li>Un equipo docente con amplia experiencia en la impartici\u00f3n de esta formaci\u00f3n y con una excelente cualificaci\u00f3n profesional en cada una de las materias que impartimos.<\/li>\n<li>Un Campus Virtual donde est\u00e1n todas las clases con las explicaciones de los profesores para que el alumno los visione cuantas veces quiera y que permanece abierto las 24 horas del d\u00eda los 365 d\u00edas del a\u00f1o.<\/li>\n<li>Un sistema de tutor\u00edas para que los alumnos puedan resolver todas las dudas que tengan despu\u00e9s de asistir a clase, as\u00ed como un sistema de clases particulares por videoconferencias.<\/li>\n<\/ul>\n<p>En Academia online se imparten los siguientes cursos:<\/p>\n<ul>\n<li>Clases de apoyo y Recuperaci\u00f3n de Primaria, Secundaria, Bachillerato y Selectividad. El alumno recibe clases de los distintos cursos, niveles y materias como matem\u00e1ticas, lengua, ingl\u00e9s, f\u00edsica y qu\u00edmica. Podr\u00e1 resolver las dudas que le quedaron en las explicaciones del Colegio y\/o Instituto o que le surjan al realizar los deberes en casa.<\/li>\n<li>Acceso a la Universidad para mayores de 25 y 45 a\u00f1os, contando tambi\u00e9n con un curso intensivo para Selectividad, donde el alumno repasar\u00e1 los ejercicios de a\u00f1os anteriores y los conocimientos m\u00e1s importantes para superar esta prueba con buena nota.<\/li>\n<li>Acceso a Ciclos formativos de grado superior para que el alumno pueda especializarse en la profesi\u00f3n que desee.<\/li>\n<li>Graduado en ESO, preparamos a los alumnos para que se puedan presentar a las pruebas libres y obtengan el Graduado en Ense\u00f1anza Secundaria Obligatoria.<\/li>\n<li>Preparaci\u00f3n de oposiciones como: Polic\u00eda Local, Bombero, Polic\u00eda Nacional, Guardia Civil y Justicia entre otras.<\/li>\n<\/ul>\n","protected":false},"excerpt":{"rendered":"<p>Formaci\u00f3n de Posgrado V\u00e9rtice Business School inicia su andadura en el\u00a0a\u00f1o 1998\u00a0con la impartici\u00f3n de un M\u00e1ster online en Administraci\u00f3n<\/p>\n","protected":false},"author":3,"featured_media":0,"parent":0,"menu_order":0,"comment_status":"closed","ping_status":"closed","template":"","meta":{"_monsterinsights_skip_tracking":false,"_monsterinsights_sitenote_active":false,"_monsterinsights_sitenote_note":"","_monsterinsights_sitenote_category":0},"yoast_head":"<!-- This site is optimized with the Yoast SEO plugin v17.2 - https:\/\/yoast.com\/wordpress\/plugins\/seo\/ -->\n<title>Nuestra Formaci\u00f3n - V\u00c9RTICE<\/title>\n<meta name=\"robots\" content=\"index, follow, max-snippet:-1, max-image-preview:large, max-video-preview:-1\" \/>\n<link rel=\"canonical\" href=\"https:\/\/grupovertice.com\/blog\/nuestra-formacion\/\" \/>\n<meta property=\"og:locale\" content=\"es_ES\" \/>\n<meta property=\"og:type\" content=\"article\" \/>\n<meta property=\"og:title\" content=\"Nuestra Formaci\u00f3n - V\u00c9RTICE\" \/>\n<meta property=\"og:description\" content=\"Formaci\u00f3n de Posgrado V\u00e9rtice Business School inicia su andadura en el\u00a0a\u00f1o 1998\u00a0con la impartici\u00f3n de un M\u00e1ster online en Administraci\u00f3n\" \/>\n<meta property=\"og:url\" content=\"https:\/\/grupovertice.com\/blog\/nuestra-formacion\/\" \/>\n<meta property=\"og:site_name\" content=\"V\u00c9RTICE\" \/>\n<meta property=\"article:modified_time\" content=\"2015-10-16T07:59:36+00:00\" \/>\n<meta name=\"twitter:card\" content=\"summary\" \/>\n<meta name=\"twitter:label1\" content=\"Tiempo de lectura\" \/>\n\t<meta name=\"twitter:data1\" content=\"5 minutos\" \/>\n<script type=\"application\/ld+json\" class=\"yoast-schema-graph\">{\"@context\":\"https:\/\/schema.org\",\"@graph\":[{\"@type\":\"WebSite\",\"@id\":\"https:\/\/grupovertice.com\/blog\/#website\",\"url\":\"https:\/\/grupovertice.com\/blog\/\",\"name\":\"V\\u00c9RTICE\",\"description\":\"BLOG DE FORMACI\\u00d3N Y EMPLEO\",\"potentialAction\":[{\"@type\":\"SearchAction\",\"target\":{\"@type\":\"EntryPoint\",\"urlTemplate\":\"https:\/\/grupovertice.com\/blog\/?s={search_term_string}\"},\"query-input\":\"required name=search_term_string\"}],\"inLanguage\":\"es\"},{\"@type\":\"WebPage\",\"@id\":\"https:\/\/grupovertice.com\/blog\/nuestra-formacion\/#webpage\",\"url\":\"https:\/\/grupovertice.com\/blog\/nuestra-formacion\/\",\"name\":\"Nuestra Formaci\\u00f3n - V\\u00c9RTICE\",\"isPartOf\":{\"@id\":\"https:\/\/grupovertice.com\/blog\/#website\"},\"datePublished\":\"2015-10-13T09:35:46+00:00\",\"dateModified\":\"2015-10-16T07:59:36+00:00\",\"breadcrumb\":{\"@id\":\"https:\/\/grupovertice.com\/blog\/nuestra-formacion\/#breadcrumb\"},\"inLanguage\":\"es\",\"potentialAction\":[{\"@type\":\"ReadAction\",\"target\":[\"https:\/\/grupovertice.com\/blog\/nuestra-formacion\/\"]}]},{\"@type\":\"BreadcrumbList\",\"@id\":\"https:\/\/grupovertice.com\/blog\/nuestra-formacion\/#breadcrumb\",\"itemListElement\":[{\"@type\":\"ListItem\",\"position\":1,\"name\":\"Portada\",\"item\":\"https:\/\/grupovertice.com\/blog\/\"},{\"@type\":\"ListItem\",\"position\":2,\"name\":\"Nuestra Formaci\\u00f3n\"}]}]}<\/script>\n<!-- \/ Yoast SEO plugin. -->","yoast_head_json":{"title":"Nuestra Formaci\u00f3n - V\u00c9RTICE","robots":{"index":"index","follow":"follow","max-snippet":"max-snippet:-1","max-image-preview":"max-image-preview:large","max-video-preview":"max-video-preview:-1"},"canonical":"https:\/\/grupovertice.com\/blog\/nuestra-formacion\/","og_locale":"es_ES","og_type":"article","og_title":"Nuestra Formaci\u00f3n - V\u00c9RTICE","og_description":"Formaci\u00f3n de Posgrado V\u00e9rtice Business School inicia su andadura en el\u00a0a\u00f1o 1998\u00a0con la impartici\u00f3n de un M\u00e1ster online en Administraci\u00f3n","og_url":"https:\/\/grupovertice.com\/blog\/nuestra-formacion\/","og_site_name":"V\u00c9RTICE","article_modified_time":"2015-10-16T07:59:36+00:00","twitter_card":"summary","twitter_misc":{"Tiempo de lectura":"5 minutos"},"schema":{"@context":"https:\/\/schema.org","@graph":[{"@type":"WebSite","@id":"https:\/\/grupovertice.com\/blog\/#website","url":"https:\/\/grupovertice.com\/blog\/","name":"V\u00c9RTICE","description":"BLOG DE FORMACI\u00d3N Y EMPLEO","potentialAction":[{"@type":"SearchAction","target":{"@type":"EntryPoint","urlTemplate":"https:\/\/grupovertice.com\/blog\/?s={search_term_string}"},"query-input":"required name=search_term_string"}],"inLanguage":"es"},{"@type":"WebPage","@id":"https:\/\/grupovertice.com\/blog\/nuestra-formacion\/#webpage","url":"https:\/\/grupovertice.com\/blog\/nuestra-formacion\/","name":"Nuestra Formaci\u00f3n - V\u00c9RTICE","isPartOf":{"@id":"https:\/\/grupovertice.com\/blog\/#website"},"datePublished":"2015-10-13T09:35:46+00:00","dateModified":"2015-10-16T07:59:36+00:00","breadcrumb":{"@id":"https:\/\/grupovertice.com\/blog\/nuestra-formacion\/#breadcrumb"},"inLanguage":"es","potentialAction":[{"@type":"ReadAction","target":["https:\/\/grupovertice.com\/blog\/nuestra-formacion\/"]}]},{"@type":"BreadcrumbList","@id":"https:\/\/grupovertice.com\/blog\/nuestra-formacion\/#breadcrumb","itemListElement":[{"@type":"ListItem","position":1,"name":"Portada","item":"https:\/\/grupovertice.com\/blog\/"},{"@type":"ListItem","position":2,"name":"Nuestra Formaci\u00f3n"}]}]}},"_links":{"self":[{"href":"https:\/\/grupovertice.com\/blog\/wp-json\/wp\/v2\/pages\/2374"}],"collection":[{"href":"https:\/\/grupovertice.com\/blog\/wp-json\/wp\/v2\/pages"}],"about":[{"href":"https:\/\/grupovertice.com\/blog\/wp-json\/wp\/v2\/types\/page"}],"author":[{"embeddable":true,"href":"https:\/\/grupovertice.com\/blog\/wp-json\/wp\/v2\/users\/3"}],"replies":[{"embeddable":true,"href":"https:\/\/grupovertice.com\/blog\/wp-json\/wp\/v2\/comments?post=2374"}],"version-history":[{"count":11,"href":"https:\/\/grupovertice.com\/blog\/wp-json\/wp\/v2\/pages\/2374\/revisions"}],"predecessor-version":[{"id":2420,"href":"https:\/\/grupovertice.com\/blog\/wp-json\/wp\/v2\/pages\/2374\/revisions\/2420"}],"wp:attachment":[{"href":"https:\/\/grupovertice.com\/blog\/wp-json\/wp\/v2\/media?parent=2374"}],"curies":[{"name":"wp","href":"https:\/\/api.w.org\/{rel}","templated":true}]}}