{"id":2372,"date":"2015-10-13T09:34:23","date_gmt":"2015-10-13T09:34:23","guid":{"rendered":"http:\/\/www.vertice.org\/blog\/?page_id=2372"},"modified":"2017-05-13T18:39:17","modified_gmt":"2017-05-13T18:39:17","slug":"conocenos","status":"publish","type":"page","link":"https:\/\/grupovertice.com\/blog\/conocenos\/","title":{"rendered":"Con\u00f3cenos"},"content":{"rendered":"<p>V\u00e9rtice es un proyecto empresarial cuyos inicios se remontan a 1979 en el \u00e1mbito de la formaci\u00f3n, abri\u00e9ndose posteriormente a las nuevas tecnolog\u00edas, a las aplicaciones de estas a la formaci\u00f3n en lo que hoy conocemos como <strong>e-learning<\/strong> y al fomento del empleo mediante desarrollos de proyecto para capacitar a las personas que est\u00e9n en riesgo de exclusi\u00f3n social y laboral.<\/p>\n<p>Actualmente, las distintas empresas y marcas V\u00e9rtice ofrecen servicios de formaci\u00f3n a personas de todo el mundo a trav\u00e9s de internet, mediante su propia <strong>metodolog\u00eda ONROOM<\/strong>, basada en las videoconferencias, teniendo en la actualidad alumnos inscritos en sus programas formativos de m\u00e1s de 30 pa\u00edses diferentes.<\/p>\n<p>Presencialmente, V\u00e9rtice forma a miles de alumnos cada a\u00f1o en toda la geograf\u00eda espa\u00f1ola, apoy\u00e1ndonos en las instalaciones de las propias empresas y en una amplia red de centros colaboradores.<\/p>\n<p>En el \u00e1rea de <strong>empleo<\/strong> tambi\u00e9n trabajamos en todo el territorio nacional mediante una agencia privada de colocaci\u00f3n online, que autorizada por el ministerio de trabajo, inserta laboralmente cada a\u00f1o a miles de personas.<\/p>\n<p><img loading=\"lazy\" class=\"size-full wp-image-2390 alignright\" src=\"http:\/\/www.vertice.org\/blog\/wp-content\/uploads\/2015\/10\/favicon.png\" alt=\"\" width=\"164\" height=\"163\" srcset=\"https:\/\/grupovertice.com\/blog\/wp-content\/uploads\/2015\/10\/favicon.png 164w, https:\/\/grupovertice.com\/blog\/wp-content\/uploads\/2015\/10\/favicon-150x150.png 150w\" sizes=\"(max-width: 164px) 100vw, 164px\" \/><\/p>\n<p>La <strong>Responsabilidad Social Corporativa<\/strong> es otro de los compromisos importantes de V\u00e9rtice, desde 1999 se constituy\u00f3 Fundaci\u00f3n V\u00e9rtice para desarrollar actividades para fomentar la integraci\u00f3n social y laboral de los m\u00e1s desfavorecidos, habiendo desarrollado m\u00faltiples proyectos socio laborales. En el a\u00f1o 2000 se\u00a0constituy\u00f3 Fundaci\u00f3n Objetivo 1, para atender a personas mayores sin recursos, con la que damos atenci\u00f3n directa a m\u00e1s de 100 personas cada d\u00eda.<\/p>\n<p>Con la labor desarrollada por las empresas y las fundaciones, damos empleo directo a m\u00e1s de 300 personas e indirecto a m\u00e1s de 500, hecho que nos hace sentir tremendamente orgullosos, en unos momentos tan complicados como vive la sociedad actual.<\/p>\n<p>V\u00e9rtice pone a tu disposici\u00f3n toda la informaci\u00f3n sobre sus objetivos y actividades a trav\u00e9s de la web\u00a0<a href=\"http:\/\/www.vertice.org\">www.vertice.org<\/a><\/p>\n","protected":false},"excerpt":{"rendered":"<p>V\u00e9rtice es un proyecto empresarial cuyos inicios se remontan a 1979 en el \u00e1mbito de la formaci\u00f3n, abri\u00e9ndose posteriormente a<\/p>\n","protected":false},"author":3,"featured_media":0,"parent":0,"menu_order":0,"comment_status":"closed","ping_status":"closed","template":"","meta":{"_monsterinsights_skip_tracking":false,"_monsterinsights_sitenote_active":false,"_monsterinsights_sitenote_note":"","_monsterinsights_sitenote_category":0},"yoast_head":"<!-- This site is optimized with the Yoast SEO plugin v17.2 - https:\/\/yoast.com\/wordpress\/plugins\/seo\/ -->\n<title>Con\u00f3cenos - V\u00c9RTICE<\/title>\n<meta name=\"robots\" content=\"index, follow, max-snippet:-1, max-image-preview:large, max-video-preview:-1\" \/>\n<link rel=\"canonical\" href=\"https:\/\/grupovertice.com\/blog\/conocenos\/\" \/>\n<meta property=\"og:locale\" content=\"es_ES\" \/>\n<meta property=\"og:type\" content=\"article\" \/>\n<meta property=\"og:title\" content=\"Con\u00f3cenos - V\u00c9RTICE\" \/>\n<meta property=\"og:description\" content=\"V\u00e9rtice es un proyecto empresarial cuyos inicios se remontan a 1979 en el \u00e1mbito de la formaci\u00f3n, abri\u00e9ndose posteriormente a\" \/>\n<meta property=\"og:url\" content=\"https:\/\/grupovertice.com\/blog\/conocenos\/\" \/>\n<meta property=\"og:site_name\" content=\"V\u00c9RTICE\" \/>\n<meta property=\"article:modified_time\" content=\"2017-05-13T18:39:17+00:00\" \/>\n<meta property=\"og:image\" content=\"http:\/\/www.vertice.org\/blog\/wp-content\/uploads\/2015\/10\/favicon.png\" \/>\n<meta name=\"twitter:card\" content=\"summary\" \/>\n<meta name=\"twitter:label1\" content=\"Tiempo de lectura\" \/>\n\t<meta name=\"twitter:data1\" content=\"2 minutos\" \/>\n<script type=\"application\/ld+json\" class=\"yoast-schema-graph\">{\"@context\":\"https:\/\/schema.org\",\"@graph\":[{\"@type\":\"WebSite\",\"@id\":\"https:\/\/grupovertice.com\/blog\/#website\",\"url\":\"https:\/\/grupovertice.com\/blog\/\",\"name\":\"V\\u00c9RTICE\",\"description\":\"BLOG DE FORMACI\\u00d3N Y EMPLEO\",\"potentialAction\":[{\"@type\":\"SearchAction\",\"target\":{\"@type\":\"EntryPoint\",\"urlTemplate\":\"https:\/\/grupovertice.com\/blog\/?s={search_term_string}\"},\"query-input\":\"required name=search_term_string\"}],\"inLanguage\":\"es\"},{\"@type\":\"ImageObject\",\"@id\":\"https:\/\/grupovertice.com\/blog\/conocenos\/#primaryimage\",\"inLanguage\":\"es\",\"url\":\"http:\/\/www.vertice.org\/blog\/wp-content\/uploads\/2015\/10\/favicon.png\",\"contentUrl\":\"http:\/\/www.vertice.org\/blog\/wp-content\/uploads\/2015\/10\/favicon.png\"},{\"@type\":\"WebPage\",\"@id\":\"https:\/\/grupovertice.com\/blog\/conocenos\/#webpage\",\"url\":\"https:\/\/grupovertice.com\/blog\/conocenos\/\",\"name\":\"Con\\u00f3cenos - V\\u00c9RTICE\",\"isPartOf\":{\"@id\":\"https:\/\/grupovertice.com\/blog\/#website\"},\"primaryImageOfPage\":{\"@id\":\"https:\/\/grupovertice.com\/blog\/conocenos\/#primaryimage\"},\"datePublished\":\"2015-10-13T09:34:23+00:00\",\"dateModified\":\"2017-05-13T18:39:17+00:00\",\"breadcrumb\":{\"@id\":\"https:\/\/grupovertice.com\/blog\/conocenos\/#breadcrumb\"},\"inLanguage\":\"es\",\"potentialAction\":[{\"@type\":\"ReadAction\",\"target\":[\"https:\/\/grupovertice.com\/blog\/conocenos\/\"]}]},{\"@type\":\"BreadcrumbList\",\"@id\":\"https:\/\/grupovertice.com\/blog\/conocenos\/#breadcrumb\",\"itemListElement\":[{\"@type\":\"ListItem\",\"position\":1,\"name\":\"Portada\",\"item\":\"https:\/\/grupovertice.com\/blog\/\"},{\"@type\":\"ListItem\",\"position\":2,\"name\":\"Con\\u00f3cenos\"}]}]}<\/script>\n<!-- \/ Yoast SEO plugin. -->","yoast_head_json":{"title":"Con\u00f3cenos - V\u00c9RTICE","robots":{"index":"index","follow":"follow","max-snippet":"max-snippet:-1","max-image-preview":"max-image-preview:large","max-video-preview":"max-video-preview:-1"},"canonical":"https:\/\/grupovertice.com\/blog\/conocenos\/","og_locale":"es_ES","og_type":"article","og_title":"Con\u00f3cenos - V\u00c9RTICE","og_description":"V\u00e9rtice es un proyecto empresarial cuyos inicios se remontan a 1979 en el \u00e1mbito de la formaci\u00f3n, abri\u00e9ndose posteriormente a","og_url":"https:\/\/grupovertice.com\/blog\/conocenos\/","og_site_name":"V\u00c9RTICE","article_modified_time":"2017-05-13T18:39:17+00:00","og_image":[{"url":"http:\/\/www.vertice.org\/blog\/wp-content\/uploads\/2015\/10\/favicon.png"}],"twitter_card":"summary","twitter_misc":{"Tiempo de lectura":"2 minutos"},"schema":{"@context":"https:\/\/schema.org","@graph":[{"@type":"WebSite","@id":"https:\/\/grupovertice.com\/blog\/#website","url":"https:\/\/grupovertice.com\/blog\/","name":"V\u00c9RTICE","description":"BLOG DE FORMACI\u00d3N Y EMPLEO","potentialAction":[{"@type":"SearchAction","target":{"@type":"EntryPoint","urlTemplate":"https:\/\/grupovertice.com\/blog\/?s={search_term_string}"},"query-input":"required name=search_term_string"}],"inLanguage":"es"},{"@type":"ImageObject","@id":"https:\/\/grupovertice.com\/blog\/conocenos\/#primaryimage","inLanguage":"es","url":"http:\/\/www.vertice.org\/blog\/wp-content\/uploads\/2015\/10\/favicon.png","contentUrl":"http:\/\/www.vertice.org\/blog\/wp-content\/uploads\/2015\/10\/favicon.png"},{"@type":"WebPage","@id":"https:\/\/grupovertice.com\/blog\/conocenos\/#webpage","url":"https:\/\/grupovertice.com\/blog\/conocenos\/","name":"Con\u00f3cenos - V\u00c9RTICE","isPartOf":{"@id":"https:\/\/grupovertice.com\/blog\/#website"},"primaryImageOfPage":{"@id":"https:\/\/grupovertice.com\/blog\/conocenos\/#primaryimage"},"datePublished":"2015-10-13T09:34:23+00:00","dateModified":"2017-05-13T18:39:17+00:00","breadcrumb":{"@id":"https:\/\/grupovertice.com\/blog\/conocenos\/#breadcrumb"},"inLanguage":"es","potentialAction":[{"@type":"ReadAction","target":["https:\/\/grupovertice.com\/blog\/conocenos\/"]}]},{"@type":"BreadcrumbList","@id":"https:\/\/grupovertice.com\/blog\/conocenos\/#breadcrumb","itemListElement":[{"@type":"ListItem","position":1,"name":"Portada","item":"https:\/\/grupovertice.com\/blog\/"},{"@type":"ListItem","position":2,"name":"Con\u00f3cenos"}]}]}},"_links":{"self":[{"href":"https:\/\/grupovertice.com\/blog\/wp-json\/wp\/v2\/pages\/2372"}],"collection":[{"href":"https:\/\/grupovertice.com\/blog\/wp-json\/wp\/v2\/pages"}],"about":[{"href":"https:\/\/grupovertice.com\/blog\/wp-json\/wp\/v2\/types\/page"}],"author":[{"embeddable":true,"href":"https:\/\/grupovertice.com\/blog\/wp-json\/wp\/v2\/users\/3"}],"replies":[{"embeddable":true,"href":"https:\/\/grupovertice.com\/blog\/wp-json\/wp\/v2\/comments?post=2372"}],"version-history":[{"count":9,"href":"https:\/\/grupovertice.com\/blog\/wp-json\/wp\/v2\/pages\/2372\/revisions"}],"predecessor-version":[{"id":3819,"href":"https:\/\/grupovertice.com\/blog\/wp-json\/wp\/v2\/pages\/2372\/revisions\/3819"}],"wp:attachment":[{"href":"https:\/\/grupovertice.com\/blog\/wp-json\/wp\/v2\/media?parent=2372"}],"curies":[{"name":"wp","href":"https:\/\/api.w.org\/{rel}","templated":true}]}}