{"id":17,"date":"2015-09-30T08:42:24","date_gmt":"2015-09-30T08:42:24","guid":{"rendered":"http:\/\/www.vertice.org\/blog\/?page_id=17"},"modified":"2015-10-16T07:49:24","modified_gmt":"2015-10-16T07:49:24","slug":"agencia-privada-colocacion","status":"publish","type":"page","link":"https:\/\/grupovertice.com\/blog\/agencia-privada-colocacion\/","title":{"rendered":"Empleo V\u00e9rtice"},"content":{"rendered":"<p>V\u00e9rtice cuenta con una <strong>Agencia de Colocaci\u00f3n Privada<\/strong>,<strong> Empleo y Empresa<\/strong>, autorizada\u00a0el 28 de noviembre de 2011\u00a0por el Ministerio de Empleo y Seguridad Social\u00a0a trav\u00e9s del Servicio P\u00fablico de Empleo Estatal para tramitar ofertas y demandas de empleo online con el <em><strong>n\u00famero de acreditaci\u00f3n 9900000034<\/strong><\/em>.<\/p>\n<p>Nuestra actividad es\u00a0conectar las ofertas de empleo\u00a0que se producen en el seno de las empresas y que son introducidas en la web, con la demanda de personas que nos hacen llegar sus curr\u00edculum, tambi\u00e9n a trav\u00e9s de nuestra web. Nuestro sistema selecciona aquellos perfiles que m\u00e1s se adec\u00faan a las ofertas y env\u00eda a las empresas los mejores candidatos. Todo ello de una forma online sin desplazamientos y a nivel nacional.<\/p>\n<p>Todo el proceso de conexi\u00f3n de las ofertas y demandas se hace\u00a0sin coste alguno para los demandantes y las empresas se podr\u00e1n beneficiar de la primera oferta gratuita y promociones y descuentos en las siguientes. Tambi\u00e9n orientamos de forma gratuita a los candidatos sobre las \u00e1reas en las que deben formarse para mejorar su empleabilidad.<\/p>\n<p><img loading=\"lazy\" class=\"alignleft\" src=\"http:\/\/www.empleoyempresa.com\/images\/videoentrevista.png\" alt=\"\" width=\"312\" height=\"16\" \/><img loading=\"lazy\" class=\"alignright\" src=\"http:\/\/www.empleoyempresa.com\/images\/videocv.png\" alt=\"\" width=\"322\" height=\"14\" \/><\/p>\n<p>&nbsp;<\/p>\n<p>El V\u00eddeo Curr\u00edculum y la\u00a0V\u00eddeo Entrevista son las dos nuevas herramientas que empleoyempresa.com ha incorporado para ampliar tus horizontes y acortar distancias. Con estas innovaciones hemos agilizado y flexibilizado el mercado de trabajo, ahorrando tiempo, dinero y desplazamientos a demandantes y ofertantes de empleo.<\/p>\n<p>La Agencia de Empleo de V\u00e9rtice fue una de las agencias que superaron el concurso para firmar el <strong>Acuerdo Marco Estatal<\/strong> para los pr\u00f3ximos cuatro a\u00f1os, obteniendo el puesto n\u00famero 1 entre las 80 Agencias seleccionadas para poder acudir a los concursos p\u00fablicos de empleo, que har\u00e1n tanto la Administraci\u00f3n Central como las Auton\u00f3micas durante los pr\u00f3ximos cuatro a\u00f1os.<\/p>\n<p>Recientemente ha sido adjudicataria mediante concursos p\u00fablicos de varias administraciones, para realizar la <strong>intermediaci\u00f3n laboral privada en varias Comunidades Aut\u00f3nomas<\/strong>.<\/p>\n<div id=\"video-cv\"><\/div>\n<div id=\"texto-entrevista\"><\/div>\n","protected":false},"excerpt":{"rendered":"<p>V\u00e9rtice cuenta con una Agencia de Colocaci\u00f3n Privada, Empleo y Empresa, autorizada\u00a0el 28 de noviembre de 2011\u00a0por el Ministerio de<\/p>\n","protected":false},"author":3,"featured_media":0,"parent":0,"menu_order":0,"comment_status":"closed","ping_status":"closed","template":"","meta":{"_monsterinsights_skip_tracking":false,"_monsterinsights_sitenote_active":false,"_monsterinsights_sitenote_note":"","_monsterinsights_sitenote_category":0},"yoast_head":"<!-- This site is optimized with the Yoast SEO plugin v17.2 - https:\/\/yoast.com\/wordpress\/plugins\/seo\/ -->\n<title>Empleo V\u00e9rtice - V\u00c9RTICE<\/title>\n<meta name=\"robots\" content=\"index, follow, max-snippet:-1, max-image-preview:large, max-video-preview:-1\" \/>\n<link rel=\"canonical\" href=\"https:\/\/grupovertice.com\/blog\/agencia-privada-colocacion\/\" \/>\n<meta property=\"og:locale\" content=\"es_ES\" \/>\n<meta property=\"og:type\" content=\"article\" \/>\n<meta property=\"og:title\" content=\"Empleo V\u00e9rtice - V\u00c9RTICE\" \/>\n<meta property=\"og:description\" content=\"V\u00e9rtice cuenta con una Agencia de Colocaci\u00f3n Privada, Empleo y Empresa, autorizada\u00a0el 28 de noviembre de 2011\u00a0por el Ministerio de\" \/>\n<meta property=\"og:url\" content=\"https:\/\/grupovertice.com\/blog\/agencia-privada-colocacion\/\" \/>\n<meta property=\"og:site_name\" content=\"V\u00c9RTICE\" \/>\n<meta property=\"article:modified_time\" content=\"2015-10-16T07:49:24+00:00\" \/>\n<meta property=\"og:image\" content=\"http:\/\/www.empleoyempresa.com\/images\/videoentrevista.png\" \/>\n<meta name=\"twitter:card\" content=\"summary\" \/>\n<meta name=\"twitter:label1\" content=\"Tiempo de lectura\" \/>\n\t<meta name=\"twitter:data1\" content=\"2 minutos\" \/>\n<script type=\"application\/ld+json\" class=\"yoast-schema-graph\">{\"@context\":\"https:\/\/schema.org\",\"@graph\":[{\"@type\":\"WebSite\",\"@id\":\"https:\/\/grupovertice.com\/blog\/#website\",\"url\":\"https:\/\/grupovertice.com\/blog\/\",\"name\":\"V\\u00c9RTICE\",\"description\":\"BLOG DE FORMACI\\u00d3N Y EMPLEO\",\"potentialAction\":[{\"@type\":\"SearchAction\",\"target\":{\"@type\":\"EntryPoint\",\"urlTemplate\":\"https:\/\/grupovertice.com\/blog\/?s={search_term_string}\"},\"query-input\":\"required name=search_term_string\"}],\"inLanguage\":\"es\"},{\"@type\":\"ImageObject\",\"@id\":\"https:\/\/grupovertice.com\/blog\/agencia-privada-colocacion\/#primaryimage\",\"inLanguage\":\"es\",\"url\":\"http:\/\/www.empleoyempresa.com\/images\/videoentrevista.png\",\"contentUrl\":\"http:\/\/www.empleoyempresa.com\/images\/videoentrevista.png\"},{\"@type\":\"WebPage\",\"@id\":\"https:\/\/grupovertice.com\/blog\/agencia-privada-colocacion\/#webpage\",\"url\":\"https:\/\/grupovertice.com\/blog\/agencia-privada-colocacion\/\",\"name\":\"Empleo V\\u00e9rtice - V\\u00c9RTICE\",\"isPartOf\":{\"@id\":\"https:\/\/grupovertice.com\/blog\/#website\"},\"primaryImageOfPage\":{\"@id\":\"https:\/\/grupovertice.com\/blog\/agencia-privada-colocacion\/#primaryimage\"},\"datePublished\":\"2015-09-30T08:42:24+00:00\",\"dateModified\":\"2015-10-16T07:49:24+00:00\",\"breadcrumb\":{\"@id\":\"https:\/\/grupovertice.com\/blog\/agencia-privada-colocacion\/#breadcrumb\"},\"inLanguage\":\"es\",\"potentialAction\":[{\"@type\":\"ReadAction\",\"target\":[\"https:\/\/grupovertice.com\/blog\/agencia-privada-colocacion\/\"]}]},{\"@type\":\"BreadcrumbList\",\"@id\":\"https:\/\/grupovertice.com\/blog\/agencia-privada-colocacion\/#breadcrumb\",\"itemListElement\":[{\"@type\":\"ListItem\",\"position\":1,\"name\":\"Portada\",\"item\":\"https:\/\/grupovertice.com\/blog\/\"},{\"@type\":\"ListItem\",\"position\":2,\"name\":\"Empleo V\\u00e9rtice\"}]}]}<\/script>\n<!-- \/ Yoast SEO plugin. -->","yoast_head_json":{"title":"Empleo V\u00e9rtice - V\u00c9RTICE","robots":{"index":"index","follow":"follow","max-snippet":"max-snippet:-1","max-image-preview":"max-image-preview:large","max-video-preview":"max-video-preview:-1"},"canonical":"https:\/\/grupovertice.com\/blog\/agencia-privada-colocacion\/","og_locale":"es_ES","og_type":"article","og_title":"Empleo V\u00e9rtice - V\u00c9RTICE","og_description":"V\u00e9rtice cuenta con una Agencia de Colocaci\u00f3n Privada, Empleo y Empresa, autorizada\u00a0el 28 de noviembre de 2011\u00a0por el Ministerio de","og_url":"https:\/\/grupovertice.com\/blog\/agencia-privada-colocacion\/","og_site_name":"V\u00c9RTICE","article_modified_time":"2015-10-16T07:49:24+00:00","og_image":[{"url":"http:\/\/www.empleoyempresa.com\/images\/videoentrevista.png"}],"twitter_card":"summary","twitter_misc":{"Tiempo de lectura":"2 minutos"},"schema":{"@context":"https:\/\/schema.org","@graph":[{"@type":"WebSite","@id":"https:\/\/grupovertice.com\/blog\/#website","url":"https:\/\/grupovertice.com\/blog\/","name":"V\u00c9RTICE","description":"BLOG DE FORMACI\u00d3N Y EMPLEO","potentialAction":[{"@type":"SearchAction","target":{"@type":"EntryPoint","urlTemplate":"https:\/\/grupovertice.com\/blog\/?s={search_term_string}"},"query-input":"required name=search_term_string"}],"inLanguage":"es"},{"@type":"ImageObject","@id":"https:\/\/grupovertice.com\/blog\/agencia-privada-colocacion\/#primaryimage","inLanguage":"es","url":"http:\/\/www.empleoyempresa.com\/images\/videoentrevista.png","contentUrl":"http:\/\/www.empleoyempresa.com\/images\/videoentrevista.png"},{"@type":"WebPage","@id":"https:\/\/grupovertice.com\/blog\/agencia-privada-colocacion\/#webpage","url":"https:\/\/grupovertice.com\/blog\/agencia-privada-colocacion\/","name":"Empleo V\u00e9rtice - V\u00c9RTICE","isPartOf":{"@id":"https:\/\/grupovertice.com\/blog\/#website"},"primaryImageOfPage":{"@id":"https:\/\/grupovertice.com\/blog\/agencia-privada-colocacion\/#primaryimage"},"datePublished":"2015-09-30T08:42:24+00:00","dateModified":"2015-10-16T07:49:24+00:00","breadcrumb":{"@id":"https:\/\/grupovertice.com\/blog\/agencia-privada-colocacion\/#breadcrumb"},"inLanguage":"es","potentialAction":[{"@type":"ReadAction","target":["https:\/\/grupovertice.com\/blog\/agencia-privada-colocacion\/"]}]},{"@type":"BreadcrumbList","@id":"https:\/\/grupovertice.com\/blog\/agencia-privada-colocacion\/#breadcrumb","itemListElement":[{"@type":"ListItem","position":1,"name":"Portada","item":"https:\/\/grupovertice.com\/blog\/"},{"@type":"ListItem","position":2,"name":"Empleo V\u00e9rtice"}]}]}},"_links":{"self":[{"href":"https:\/\/grupovertice.com\/blog\/wp-json\/wp\/v2\/pages\/17"}],"collection":[{"href":"https:\/\/grupovertice.com\/blog\/wp-json\/wp\/v2\/pages"}],"about":[{"href":"https:\/\/grupovertice.com\/blog\/wp-json\/wp\/v2\/types\/page"}],"author":[{"embeddable":true,"href":"https:\/\/grupovertice.com\/blog\/wp-json\/wp\/v2\/users\/3"}],"replies":[{"embeddable":true,"href":"https:\/\/grupovertice.com\/blog\/wp-json\/wp\/v2\/comments?post=17"}],"version-history":[{"count":12,"href":"https:\/\/grupovertice.com\/blog\/wp-json\/wp\/v2\/pages\/17\/revisions"}],"predecessor-version":[{"id":2417,"href":"https:\/\/grupovertice.com\/blog\/wp-json\/wp\/v2\/pages\/17\/revisions\/2417"}],"wp:attachment":[{"href":"https:\/\/grupovertice.com\/blog\/wp-json\/wp\/v2\/media?parent=17"}],"curies":[{"name":"wp","href":"https:\/\/api.w.org\/{rel}","templated":true}]}}